{"id":741,"date":"2022-01-20T19:20:30","date_gmt":"2022-01-20T18:20:30","guid":{"rendered":"https:\/\/villa-canneto.it\/?page_id=741"},"modified":"2025-12-19T10:54:10","modified_gmt":"2025-12-19T09:54:10","slug":"prestations-de-service","status":"publish","type":"page","link":"https:\/\/villa-canneto.it\/fr\/prestations-de-service\/","title":{"rendered":"Prestations de service"},"content":{"rendered":"\n<h3 class=\"wp-block-heading\">Prestations incluses<\/h3>\n\n\n\n<ul class=\"wp-block-list\">\n<li>Wi-Fi gratuit dans l&rsquo;appartement et dans le jardin<\/li>\n\n\n\n<li>Consommer de l&rsquo;eau, de l&rsquo;\u00e9lectricit\u00e9, du gaz<\/li>\n\n\n\n<li>Linge de lit\/de bain inclus en d\u00e9but de s\u00e9jour<\/li>\n\n\n\n<li>Ensemble de salle de bain de courtoisie<\/li>\n\n\n\n<li>Lits de plage avec table et parasol<\/li>\n\n\n\n<li>Serviettes de plage (\u00e0 l&rsquo;arriv\u00e9e)<\/li>\n<\/ul>\n\n\n\n<h3 class=\"wp-block-heading\">Services non inclus (disponibles moyennant un suppl\u00e9ment)<\/h3>\n\n\n\n<ul class=\"wp-block-list\">\n<li>Parking priv\u00e9 <\/li>\n\n\n\n<li>Lit b\u00e9b\u00e9 et chaise haute<\/li>\n\n\n\n<li>M\u00e9nage suppl\u00e9mentaire pendant le s\u00e9jour, changement des draps ou des serviettes de plage<\/li>\n\n\n\n<li>Petit-d\u00e9jeuner buffet copieux disponible dans la structure partenaire adjacente du 1\/4 au 1\/11)<\/li>\n\n\n\n<li>Loueur de v\u00e9lo affili\u00e9<\/li>\n\n\n\n<li>Transferts depuis\/vers les a\u00e9roports<\/li>\n\n\n\n<li>Billets d&rsquo;entr\u00e9e au parc<\/li>\n<\/ul>\n\n\n\n<h3 class=\"wp-block-heading\">Restauration<\/h3>\n\n\n\n<p>Pour les clients des appartements, il existe un accord avec le restaurant Canneto, en face des appartements, qui propose \u00e9galement un menu \u00e0 emporter.<\/p>\n","protected":false},"excerpt":{"rendered":"<p>Prestations incluses Services non inclus (disponibles moyennant un suppl\u00e9ment) Restauration Pour les [&hellip;]<\/p>\n","protected":false},"author":2,"featured_media":0,"parent":0,"menu_order":20,"comment_status":"closed","ping_status":"closed","template":"","meta":{"_acf_changed":false,"footnotes":""},"class_list":["post-741","page","type-page","status-publish","hentry"],"acf":[],"yoast_head":"<!-- This site is optimized with the Yoast SEO plugin v27.3 - https:\/\/yoast.com\/product\/yoast-seo-wordpress\/ -->\n<title>Prestations de service - Villa Canneto<\/title>\n<meta name=\"robots\" content=\"index, follow, max-snippet:-1, max-image-preview:large, max-video-preview:-1\" \/>\n<link rel=\"canonical\" href=\"https:\/\/villa-canneto.it\/fr\/prestations-de-service\/\" \/>\n<meta property=\"og:locale\" content=\"fr_FR\" \/>\n<meta property=\"og:type\" content=\"article\" \/>\n<meta property=\"og:title\" content=\"Prestations de service - Villa Canneto\" \/>\n<meta property=\"og:description\" content=\"Prestations incluses Services non inclus (disponibles moyennant un suppl\u00e9ment) Restauration Pour les [&hellip;]\" \/>\n<meta property=\"og:url\" content=\"https:\/\/villa-canneto.it\/fr\/prestations-de-service\/\" \/>\n<meta property=\"og:site_name\" content=\"Villa Canneto\" \/>\n<meta property=\"article:modified_time\" content=\"2025-12-19T09:54:10+00:00\" \/>\n<meta name=\"twitter:card\" content=\"summary_large_image\" \/>\n<meta name=\"twitter:label1\" content=\"Dur\u00e9e de lecture estim\u00e9e\" \/>\n\t<meta name=\"twitter:data1\" content=\"1 minute\" \/>\n<script type=\"application\/ld+json\" class=\"yoast-schema-graph\">{\"@context\":\"https:\\\/\\\/schema.org\",\"@graph\":[{\"@type\":\"WebPage\",\"@id\":\"https:\\\/\\\/villa-canneto.it\\\/fr\\\/prestations-de-service\\\/\",\"url\":\"https:\\\/\\\/villa-canneto.it\\\/fr\\\/prestations-de-service\\\/\",\"name\":\"Prestations de service - Villa Canneto\",\"isPartOf\":{\"@id\":\"https:\\\/\\\/villa-canneto.it\\\/#website\"},\"datePublished\":\"2022-01-20T18:20:30+00:00\",\"dateModified\":\"2025-12-19T09:54:10+00:00\",\"breadcrumb\":{\"@id\":\"https:\\\/\\\/villa-canneto.it\\\/fr\\\/prestations-de-service\\\/#breadcrumb\"},\"inLanguage\":\"fr-FR\",\"potentialAction\":[{\"@type\":\"ReadAction\",\"target\":[\"https:\\\/\\\/villa-canneto.it\\\/fr\\\/prestations-de-service\\\/\"]}]},{\"@type\":\"BreadcrumbList\",\"@id\":\"https:\\\/\\\/villa-canneto.it\\\/fr\\\/prestations-de-service\\\/#breadcrumb\",\"itemListElement\":[{\"@type\":\"ListItem\",\"position\":1,\"name\":\"Home\",\"item\":\"https:\\\/\\\/thisisbellezza.site\\\/fr\\\/\"},{\"@type\":\"ListItem\",\"position\":2,\"name\":\"Prestations de service\"}]},{\"@type\":\"WebSite\",\"@id\":\"https:\\\/\\\/villa-canneto.it\\\/#website\",\"url\":\"https:\\\/\\\/villa-canneto.it\\\/\",\"name\":\"Villa Canneto\",\"description\":\"Un nuovo sito targato WordPress\",\"potentialAction\":[{\"@type\":\"SearchAction\",\"target\":{\"@type\":\"EntryPoint\",\"urlTemplate\":\"https:\\\/\\\/villa-canneto.it\\\/?s={search_term_string}\"},\"query-input\":{\"@type\":\"PropertyValueSpecification\",\"valueRequired\":true,\"valueName\":\"search_term_string\"}}],\"inLanguage\":\"fr-FR\"}]}<\/script>\n<!-- \/ Yoast SEO plugin. -->","yoast_head_json":{"title":"Prestations de service - Villa Canneto","robots":{"index":"index","follow":"follow","max-snippet":"max-snippet:-1","max-image-preview":"max-image-preview:large","max-video-preview":"max-video-preview:-1"},"canonical":"https:\/\/villa-canneto.it\/fr\/prestations-de-service\/","og_locale":"fr_FR","og_type":"article","og_title":"Prestations de service - Villa Canneto","og_description":"Prestations incluses Services non inclus (disponibles moyennant un suppl\u00e9ment) Restauration Pour les [&hellip;]","og_url":"https:\/\/villa-canneto.it\/fr\/prestations-de-service\/","og_site_name":"Villa Canneto","article_modified_time":"2025-12-19T09:54:10+00:00","twitter_card":"summary_large_image","twitter_misc":{"Dur\u00e9e de lecture estim\u00e9e":"1 minute"},"schema":{"@context":"https:\/\/schema.org","@graph":[{"@type":"WebPage","@id":"https:\/\/villa-canneto.it\/fr\/prestations-de-service\/","url":"https:\/\/villa-canneto.it\/fr\/prestations-de-service\/","name":"Prestations de service - Villa Canneto","isPartOf":{"@id":"https:\/\/villa-canneto.it\/#website"},"datePublished":"2022-01-20T18:20:30+00:00","dateModified":"2025-12-19T09:54:10+00:00","breadcrumb":{"@id":"https:\/\/villa-canneto.it\/fr\/prestations-de-service\/#breadcrumb"},"inLanguage":"fr-FR","potentialAction":[{"@type":"ReadAction","target":["https:\/\/villa-canneto.it\/fr\/prestations-de-service\/"]}]},{"@type":"BreadcrumbList","@id":"https:\/\/villa-canneto.it\/fr\/prestations-de-service\/#breadcrumb","itemListElement":[{"@type":"ListItem","position":1,"name":"Home","item":"https:\/\/thisisbellezza.site\/fr\/"},{"@type":"ListItem","position":2,"name":"Prestations de service"}]},{"@type":"WebSite","@id":"https:\/\/villa-canneto.it\/#website","url":"https:\/\/villa-canneto.it\/","name":"Villa Canneto","description":"Un nuovo sito targato WordPress","potentialAction":[{"@type":"SearchAction","target":{"@type":"EntryPoint","urlTemplate":"https:\/\/villa-canneto.it\/?s={search_term_string}"},"query-input":{"@type":"PropertyValueSpecification","valueRequired":true,"valueName":"search_term_string"}}],"inLanguage":"fr-FR"}]}},"_links":{"self":[{"href":"https:\/\/villa-canneto.it\/fr\/wp-json\/wp\/v2\/pages\/741","targetHints":{"allow":["GET"]}}],"collection":[{"href":"https:\/\/villa-canneto.it\/fr\/wp-json\/wp\/v2\/pages"}],"about":[{"href":"https:\/\/villa-canneto.it\/fr\/wp-json\/wp\/v2\/types\/page"}],"author":[{"embeddable":true,"href":"https:\/\/villa-canneto.it\/fr\/wp-json\/wp\/v2\/users\/2"}],"replies":[{"embeddable":true,"href":"https:\/\/villa-canneto.it\/fr\/wp-json\/wp\/v2\/comments?post=741"}],"version-history":[{"count":0,"href":"https:\/\/villa-canneto.it\/fr\/wp-json\/wp\/v2\/pages\/741\/revisions"}],"wp:attachment":[{"href":"https:\/\/villa-canneto.it\/fr\/wp-json\/wp\/v2\/media?parent=741"}],"curies":[{"name":"wp","href":"https:\/\/api.w.org\/{rel}","templated":true}]}}