{"id":567,"date":"2022-11-10T13:15:03","date_gmt":"2022-11-10T12:15:03","guid":{"rendered":"https:\/\/villa-canneto.it\/?page_id=567"},"modified":"2025-07-18T12:40:39","modified_gmt":"2025-07-18T10:40:39","slug":"hotel-smeraldo","status":"publish","type":"page","link":"https:\/\/villa-canneto.it\/fr\/hotel-smeraldo\/","title":{"rendered":"Hotel Smeraldo ***"},"content":{"rendered":"\n<h3 class=\"wp-block-heading\">A quelques pas du ch\u00e2teau de Sirmione, avec un jardin directement sur le lac, parking priv\u00e9.<\/h3>\n\n\n\n<p>Chambres avec vue sur le lac et chambres familiales, toutes dot\u00e9es de grands balcons. L&rsquo;h\u00f4tel est le b\u00e2timent principal, avec r\u00e9ception, salle de petit-d\u00e9jeuner, petit piscine , jardin et parking priv\u00e9 ferm\u00e9.<\/p>\n\n\n\n<div class=\"wp-block-buttons is-layout-flex wp-block-buttons-is-layout-flex\">\n<div class=\"wp-block-button\"><a class=\"wp-block-button__link wp-element-button\" href=\"www.smeraldosirmione.com\">Hotel Smeraldo***<\/a><\/div>\n<\/div>\n\n\n\n<figure class=\"wp-block-image size-large\"><img loading=\"lazy\" decoding=\"async\" width=\"1024\" height=\"486\" src=\"https:\/\/villa-canneto.it\/wp-content\/uploads\/2022\/11\/smeraldo-drone-1160x550-1-1024x486.jpg\" alt=\"\" class=\"wp-image-452\" srcset=\"https:\/\/villa-canneto.it\/wp-content\/uploads\/2022\/11\/smeraldo-drone-1160x550-1-1024x486.jpg 1024w, https:\/\/villa-canneto.it\/wp-content\/uploads\/2022\/11\/smeraldo-drone-1160x550-1-800x379.jpg 800w, https:\/\/villa-canneto.it\/wp-content\/uploads\/2022\/11\/smeraldo-drone-1160x550-1-768x364.jpg 768w, https:\/\/villa-canneto.it\/wp-content\/uploads\/2022\/11\/smeraldo-drone-1160x550-1.jpg 1160w\" sizes=\"auto, (max-width: 1024px) 100vw, 1024px\" \/><\/figure>\n","protected":false},"excerpt":{"rendered":"<p>A quelques pas du ch\u00e2teau de Sirmione, avec un jardin directement sur [&hellip;]<\/p>\n","protected":false},"author":2,"featured_media":0,"parent":0,"menu_order":0,"comment_status":"closed","ping_status":"closed","template":"","meta":{"_acf_changed":false,"footnotes":""},"class_list":["post-567","page","type-page","status-publish","hentry"],"acf":[],"yoast_head":"<!-- This site is optimized with the Yoast SEO plugin v27.3 - https:\/\/yoast.com\/product\/yoast-seo-wordpress\/ -->\n<title>Hotel Smeraldo *** - Villa Canneto<\/title>\n<meta name=\"robots\" content=\"index, follow, max-snippet:-1, max-image-preview:large, max-video-preview:-1\" \/>\n<link rel=\"canonical\" href=\"https:\/\/villa-canneto.it\/fr\/hotel-smeraldo\/\" \/>\n<meta property=\"og:locale\" content=\"fr_FR\" \/>\n<meta property=\"og:type\" content=\"article\" \/>\n<meta property=\"og:title\" content=\"Hotel Smeraldo *** - Villa Canneto\" \/>\n<meta property=\"og:description\" content=\"A quelques pas du ch\u00e2teau de Sirmione, avec un jardin directement sur [&hellip;]\" \/>\n<meta property=\"og:url\" content=\"https:\/\/villa-canneto.it\/fr\/hotel-smeraldo\/\" \/>\n<meta property=\"og:site_name\" content=\"Villa Canneto\" \/>\n<meta property=\"article:modified_time\" content=\"2025-07-18T10:40:39+00:00\" \/>\n<meta property=\"og:image\" content=\"https:\/\/villa-canneto.it\/wp-content\/uploads\/2022\/11\/smeraldo-drone-1160x550-1.jpg\" \/>\n\t<meta property=\"og:image:width\" content=\"1160\" \/>\n\t<meta property=\"og:image:height\" content=\"550\" \/>\n\t<meta property=\"og:image:type\" content=\"image\/jpeg\" \/>\n<meta name=\"twitter:card\" content=\"summary_large_image\" \/>\n<meta name=\"twitter:label1\" content=\"Dur\u00e9e de lecture estim\u00e9e\" \/>\n\t<meta name=\"twitter:data1\" content=\"1 minute\" \/>\n<script type=\"application\/ld+json\" class=\"yoast-schema-graph\">{\"@context\":\"https:\\\/\\\/schema.org\",\"@graph\":[{\"@type\":\"WebPage\",\"@id\":\"https:\\\/\\\/villa-canneto.it\\\/fr\\\/hotel-smeraldo\\\/\",\"url\":\"https:\\\/\\\/villa-canneto.it\\\/fr\\\/hotel-smeraldo\\\/\",\"name\":\"Hotel Smeraldo *** - Villa Canneto\",\"isPartOf\":{\"@id\":\"https:\\\/\\\/villa-canneto.it\\\/#website\"},\"primaryImageOfPage\":{\"@id\":\"https:\\\/\\\/villa-canneto.it\\\/fr\\\/hotel-smeraldo\\\/#primaryimage\"},\"image\":{\"@id\":\"https:\\\/\\\/villa-canneto.it\\\/fr\\\/hotel-smeraldo\\\/#primaryimage\"},\"thumbnailUrl\":\"https:\\\/\\\/villa-canneto.it\\\/wp-content\\\/uploads\\\/2022\\\/11\\\/smeraldo-drone-1160x550-1-1024x486.jpg\",\"datePublished\":\"2022-11-10T12:15:03+00:00\",\"dateModified\":\"2025-07-18T10:40:39+00:00\",\"breadcrumb\":{\"@id\":\"https:\\\/\\\/villa-canneto.it\\\/fr\\\/hotel-smeraldo\\\/#breadcrumb\"},\"inLanguage\":\"fr-FR\",\"potentialAction\":[{\"@type\":\"ReadAction\",\"target\":[\"https:\\\/\\\/villa-canneto.it\\\/fr\\\/hotel-smeraldo\\\/\"]}]},{\"@type\":\"ImageObject\",\"inLanguage\":\"fr-FR\",\"@id\":\"https:\\\/\\\/villa-canneto.it\\\/fr\\\/hotel-smeraldo\\\/#primaryimage\",\"url\":\"https:\\\/\\\/villa-canneto.it\\\/wp-content\\\/uploads\\\/2022\\\/11\\\/smeraldo-drone-1160x550-1-1024x486.jpg\",\"contentUrl\":\"https:\\\/\\\/villa-canneto.it\\\/wp-content\\\/uploads\\\/2022\\\/11\\\/smeraldo-drone-1160x550-1-1024x486.jpg\"},{\"@type\":\"BreadcrumbList\",\"@id\":\"https:\\\/\\\/villa-canneto.it\\\/fr\\\/hotel-smeraldo\\\/#breadcrumb\",\"itemListElement\":[{\"@type\":\"ListItem\",\"position\":1,\"name\":\"Home\",\"item\":\"https:\\\/\\\/thisisbellezza.site\\\/fr\\\/\"},{\"@type\":\"ListItem\",\"position\":2,\"name\":\"Hotel Smeraldo ***\"}]},{\"@type\":\"WebSite\",\"@id\":\"https:\\\/\\\/villa-canneto.it\\\/#website\",\"url\":\"https:\\\/\\\/villa-canneto.it\\\/\",\"name\":\"Villa Canneto\",\"description\":\"Un nuovo sito targato WordPress\",\"potentialAction\":[{\"@type\":\"SearchAction\",\"target\":{\"@type\":\"EntryPoint\",\"urlTemplate\":\"https:\\\/\\\/villa-canneto.it\\\/?s={search_term_string}\"},\"query-input\":{\"@type\":\"PropertyValueSpecification\",\"valueRequired\":true,\"valueName\":\"search_term_string\"}}],\"inLanguage\":\"fr-FR\"}]}<\/script>\n<!-- \/ Yoast SEO plugin. -->","yoast_head_json":{"title":"Hotel Smeraldo *** - Villa Canneto","robots":{"index":"index","follow":"follow","max-snippet":"max-snippet:-1","max-image-preview":"max-image-preview:large","max-video-preview":"max-video-preview:-1"},"canonical":"https:\/\/villa-canneto.it\/fr\/hotel-smeraldo\/","og_locale":"fr_FR","og_type":"article","og_title":"Hotel Smeraldo *** - Villa Canneto","og_description":"A quelques pas du ch\u00e2teau de Sirmione, avec un jardin directement sur [&hellip;]","og_url":"https:\/\/villa-canneto.it\/fr\/hotel-smeraldo\/","og_site_name":"Villa Canneto","article_modified_time":"2025-07-18T10:40:39+00:00","og_image":[{"width":1160,"height":550,"url":"https:\/\/villa-canneto.it\/wp-content\/uploads\/2022\/11\/smeraldo-drone-1160x550-1.jpg","type":"image\/jpeg"}],"twitter_card":"summary_large_image","twitter_misc":{"Dur\u00e9e de lecture estim\u00e9e":"1 minute"},"schema":{"@context":"https:\/\/schema.org","@graph":[{"@type":"WebPage","@id":"https:\/\/villa-canneto.it\/fr\/hotel-smeraldo\/","url":"https:\/\/villa-canneto.it\/fr\/hotel-smeraldo\/","name":"Hotel Smeraldo *** - Villa Canneto","isPartOf":{"@id":"https:\/\/villa-canneto.it\/#website"},"primaryImageOfPage":{"@id":"https:\/\/villa-canneto.it\/fr\/hotel-smeraldo\/#primaryimage"},"image":{"@id":"https:\/\/villa-canneto.it\/fr\/hotel-smeraldo\/#primaryimage"},"thumbnailUrl":"https:\/\/villa-canneto.it\/wp-content\/uploads\/2022\/11\/smeraldo-drone-1160x550-1-1024x486.jpg","datePublished":"2022-11-10T12:15:03+00:00","dateModified":"2025-07-18T10:40:39+00:00","breadcrumb":{"@id":"https:\/\/villa-canneto.it\/fr\/hotel-smeraldo\/#breadcrumb"},"inLanguage":"fr-FR","potentialAction":[{"@type":"ReadAction","target":["https:\/\/villa-canneto.it\/fr\/hotel-smeraldo\/"]}]},{"@type":"ImageObject","inLanguage":"fr-FR","@id":"https:\/\/villa-canneto.it\/fr\/hotel-smeraldo\/#primaryimage","url":"https:\/\/villa-canneto.it\/wp-content\/uploads\/2022\/11\/smeraldo-drone-1160x550-1-1024x486.jpg","contentUrl":"https:\/\/villa-canneto.it\/wp-content\/uploads\/2022\/11\/smeraldo-drone-1160x550-1-1024x486.jpg"},{"@type":"BreadcrumbList","@id":"https:\/\/villa-canneto.it\/fr\/hotel-smeraldo\/#breadcrumb","itemListElement":[{"@type":"ListItem","position":1,"name":"Home","item":"https:\/\/thisisbellezza.site\/fr\/"},{"@type":"ListItem","position":2,"name":"Hotel Smeraldo ***"}]},{"@type":"WebSite","@id":"https:\/\/villa-canneto.it\/#website","url":"https:\/\/villa-canneto.it\/","name":"Villa Canneto","description":"Un nuovo sito targato WordPress","potentialAction":[{"@type":"SearchAction","target":{"@type":"EntryPoint","urlTemplate":"https:\/\/villa-canneto.it\/?s={search_term_string}"},"query-input":{"@type":"PropertyValueSpecification","valueRequired":true,"valueName":"search_term_string"}}],"inLanguage":"fr-FR"}]}},"_links":{"self":[{"href":"https:\/\/villa-canneto.it\/fr\/wp-json\/wp\/v2\/pages\/567","targetHints":{"allow":["GET"]}}],"collection":[{"href":"https:\/\/villa-canneto.it\/fr\/wp-json\/wp\/v2\/pages"}],"about":[{"href":"https:\/\/villa-canneto.it\/fr\/wp-json\/wp\/v2\/types\/page"}],"author":[{"embeddable":true,"href":"https:\/\/villa-canneto.it\/fr\/wp-json\/wp\/v2\/users\/2"}],"replies":[{"embeddable":true,"href":"https:\/\/villa-canneto.it\/fr\/wp-json\/wp\/v2\/comments?post=567"}],"version-history":[{"count":0,"href":"https:\/\/villa-canneto.it\/fr\/wp-json\/wp\/v2\/pages\/567\/revisions"}],"wp:attachment":[{"href":"https:\/\/villa-canneto.it\/fr\/wp-json\/wp\/v2\/media?parent=567"}],"curies":[{"name":"wp","href":"https:\/\/api.w.org\/{rel}","templated":true}]}}