{"id":555,"date":"2021-12-15T16:03:44","date_gmt":"2021-12-15T15:03:44","guid":{"rendered":"https:\/\/villa-canneto.it\/?page_id=555"},"modified":"2026-03-20T14:14:35","modified_gmt":"2026-03-20T13:14:35","slug":"comment-se-rendre-a-sirmione","status":"publish","type":"page","link":"https:\/\/villa-canneto.it\/fr\/comment-se-rendre-a-sirmione\/","title":{"rendered":"Comment se rendre \u00e0 Sirmione"},"content":{"rendered":"\n<p>Les appartements Villa Canneto sont situ\u00e9s \u00e0 quelques pas du ch\u00e2teau de Sirmione avec son centre historique enti\u00e8rement pi\u00e9tonnier; les appartements sont facilement accessibles en voiture sans permis et sur place, vous trouverez un parking priv\u00e9 et cl\u00f4tur\u00e9 pratique.<\/p>\n\n\n\n<p>Comment se rendre \u00e0 Sirmione<\/p>\n\n\n\n<p>GPS: 45.4845848226333, 10.609661405312638<\/p>\n\n\n\n<p>Adresse: via Prise 2 (dans le jeu de navigateur : via XXV Aprile 13- 25019 Sirmione (BS)<\/p>\n\n\n\n<figure class=\"wp-block-gallery has-nested-images columns-default is-cropped wp-block-gallery-1 is-layout-flex wp-block-gallery-is-layout-flex\">\n<figure class=\"wp-block-image size-large\"><img loading=\"lazy\" decoding=\"async\" width=\"1024\" height=\"518\" data-id=\"411\" src=\"https:\/\/villa-canneto.it\/wp-content\/uploads\/2022\/09\/mappa-2aR-1024x518.jpg\" alt=\"\" class=\"wp-image-411\" srcset=\"https:\/\/villa-canneto.it\/wp-content\/uploads\/2022\/09\/mappa-2aR-1024x518.jpg 1024w, https:\/\/villa-canneto.it\/wp-content\/uploads\/2022\/09\/mappa-2aR-800x404.jpg 800w, https:\/\/villa-canneto.it\/wp-content\/uploads\/2022\/09\/mappa-2aR-768x388.jpg 768w, https:\/\/villa-canneto.it\/wp-content\/uploads\/2022\/09\/mappa-2aR.jpg 1171w\" sizes=\"auto, (max-width: 1024px) 100vw, 1024px\" \/><\/figure>\n\n\n\n<figure class=\"wp-block-image size-large\"><img loading=\"lazy\" decoding=\"async\" width=\"1024\" height=\"394\" data-id=\"396\" src=\"https:\/\/villa-canneto.it\/wp-content\/uploads\/2022\/09\/mappa-4R-1024x394.jpg\" alt=\"\" class=\"wp-image-396\" srcset=\"https:\/\/villa-canneto.it\/wp-content\/uploads\/2022\/09\/mappa-4R-1024x394.jpg 1024w, https:\/\/villa-canneto.it\/wp-content\/uploads\/2022\/09\/mappa-4R-800x308.jpg 800w, https:\/\/villa-canneto.it\/wp-content\/uploads\/2022\/09\/mappa-4R-768x296.jpg 768w, https:\/\/villa-canneto.it\/wp-content\/uploads\/2022\/09\/mappa-4R.jpg 1340w\" sizes=\"auto, (max-width: 1024px) 100vw, 1024px\" \/><\/figure>\n\n\n\n<figure class=\"wp-block-image size-large\"><img loading=\"lazy\" decoding=\"async\" width=\"1024\" height=\"642\" data-id=\"406\" src=\"https:\/\/villa-canneto.it\/wp-content\/uploads\/2022\/09\/mappa-6R-1024x642.jpg\" alt=\"\" class=\"wp-image-406\" srcset=\"https:\/\/villa-canneto.it\/wp-content\/uploads\/2022\/09\/mappa-6R-1024x642.jpg 1024w, https:\/\/villa-canneto.it\/wp-content\/uploads\/2022\/09\/mappa-6R-800x502.jpg 800w, https:\/\/villa-canneto.it\/wp-content\/uploads\/2022\/09\/mappa-6R-768x482.jpg 768w, https:\/\/villa-canneto.it\/wp-content\/uploads\/2022\/09\/mappa-6R-1536x963.jpg 1536w, https:\/\/villa-canneto.it\/wp-content\/uploads\/2022\/09\/mappa-6R.jpg 1574w\" sizes=\"auto, (max-width: 1024px) 100vw, 1024px\" \/><\/figure>\n<\/figure>\n\n\n\n<p>AUTOBUS<\/p>\n\n\n\n<p>L&rsquo;arr\u00eat de bus le plus proche de l&rsquo;h\u00f4tel est \u00ab\u00a0Villa Trieste\u00a0\u00bb \u00e0 50 m\u00e8tres, celui un peu plus loin est celui de \u00ab\u00a0Sirmione Centro\u00a0\u00bb \u00e0 500 m\u00e8tres. Ces lignes s&rsquo;arr\u00eatent l\u00e0 :<\/p>\n\n\n\n<p>La ligne bleue&nbsp;:&nbsp;elle relie Sirmione aux villes est la ligne bleue&nbsp;V\u00e9rone-Brescia-V\u00e9rone, la fr\u00e9quence est presque horaire en saison, les heures hors saison sont r\u00e9duites.<\/p>\n\n\n\n<p>Ligne jaune&nbsp;:&nbsp;pour les d\u00e9placements \u00e0 l&rsquo;int\u00e9rieur de la Commune, elle est utilis\u00e9e pour se d\u00e9placer entre le centre de Sirmione et les hameaux de Colombare, Lugana, Rovizza.<\/p>\n\n\n\n<p><strong>Link:<\/strong><a href=\"http:\/\/www.arriva.it\/web\/guest\/results\/-\/search?q=orari+brescia+verona&amp;redirecting=true&amp;freesearch=true\" target=\"_blank\" rel=\"noreferrer noopener\"> Orari linea blu Verona-Brescia-Verona<\/a><\/p>\n\n\n\n<p>TRAIN<\/p>\n\n\n\n<p>Sur la ligne Milan-Venise, l&rsquo;arr\u00eat de train le plus proche est la gare de Desenzano ou la gare de Peschiera, toutes deux \u00e0 environ 8&nbsp;km et accessibles en bus (ligne bleue V\u00e9rone-Brescia-V\u00e9rone) ou en taxi (co\u00fbt d&rsquo;environ 20&nbsp;\u20ac*)<\/p>\n\n\n\n<p><strong>Link:<\/strong><a href=\"http:\/\/www.trenitalia.com\/trenitalia.html\" target=\"_blank\" rel=\"noreferrer noopener\"> sito di Trenitalia<\/a><\/p>\n\n\n\n<p>A\u00c9ROPORTS<\/p>\n\n\n\n<p>Milan Malpensa : prendre l&rsquo;a\u00e9robus de l&rsquo;a\u00e9roport \u00e0 la gare centrale de Milan, prendre le train jusqu&rsquo;\u00e0 la gare de Desenzano del Garda et ensuite vous pouvez vous rendre \u00e0 Sirmione en bus (voir instructions \u00ab\u00a0bus\u00a0\u00bb) ou en taxi.<\/p>\n\n\n\n<p>Bergame \u2013 Orio al Serio \u2013 Caravaggio : prendre le bus de l&rsquo;a\u00e9roport jusqu&rsquo;\u00e0 la gare de Bergame, prendre le train (voir instructions \u00ab\u00a0train\u00a0\u00bb) jusqu&rsquo;\u00e0 Desenzano del Garda, puis vous pouvez vous rendre \u00e0 Sirmione en bus (voir instructions \u00ab\u00a0bus\u00a0\u00bb) ou en taxi.<\/p>\n\n\n\n<p>Montichiari &#8211; G. D&rsquo;Annunzio&nbsp;: prendre le taxi jusqu&rsquo;\u00e0 l&rsquo;arr\u00eat de bus devant le parc des expositions Garda \u00e0 Montichiari (via Mantova), prendre le bus jusqu&rsquo;\u00e0 l&rsquo;arr\u00eat de la gare de Desenzano, prendre la ligne de bus bleue jusqu&rsquo;\u00e0 Sirmione&nbsp;; ou prendre un taxi.<\/p>\n\n\n\n<p><strong>Link:<\/strong><a href=\"http:\/\/www.autostradale.it\/airports\/1\/3\/?lang=1\" target=\"_blank\" rel=\"noreferrer noopener\">Aerobus (Malpensa-Stazione Milano Centrale)<\/a>&nbsp;\u2013&nbsp;<a href=\"http:\/\/www.atb.bergamo.it\/ITA\/Default.aspx?SEZ=2&amp;PAG=126&amp;NOT=257\" target=\"_blank\" rel=\"noreferrer noopener\">Airport Bus (Caravaggio-Stazione di Bergamo)<\/a>&nbsp;\u2013&nbsp;<a href=\"http:\/\/www.arriva.it\/web\/guest\/results\/-\/search?q=montichiari+sirmione&amp;redirecting=true&amp;freesearch=false\" target=\"_blank\" rel=\"noreferrer noopener\">Linea Bus Montichiari-Desenzano-Sirmione<\/a><\/p>\n\n\n\n<p>TAXI <\/p>\n\n\n\n<p>Il y a deux stations de taxis \u00e0 Sirmione : devant le ch\u00e2teau de Sirmione ou \u00e0 Colombare di Sirmione devant le si\u00e8ge de Banco Popolare di Milano.<\/p>\n\n\n\n<p>\u2013 Sirmione-Desenzano ou Sirmione-Peschiera : environ 20 \u20ac<br>\u2013 A\u00e9roport de Sirmione- V\u00e9rone Villafranca : environ 65 \u20ac<br>\u2013 A\u00e9roport Sirmione-Bergame Orio al Serio : environ 150 \u20ac<br>\u2013 A\u00e9roport Sirmione-Milan Malpensa : environ 270 \u20ac<\/p>\n","protected":false},"excerpt":{"rendered":"<p>Les appartements Villa Canneto sont situ\u00e9s \u00e0 quelques pas du ch\u00e2teau de [&hellip;]<\/p>\n","protected":false},"author":2,"featured_media":1195,"parent":0,"menu_order":80,"comment_status":"closed","ping_status":"closed","template":"template-contatti.php","meta":{"_acf_changed":false,"footnotes":""},"class_list":["post-555","page","type-page","status-publish","has-post-thumbnail","hentry"],"acf":[],"yoast_head":"<!-- This site is optimized with the Yoast SEO plugin v27.3 - https:\/\/yoast.com\/product\/yoast-seo-wordpress\/ -->\n<title>Comment se rendre \u00e0 Sirmione | Villa Canneto<\/title>\n<meta name=\"description\" content=\"Comment se rendre \u00e0 Sirmione en train, avion, voiture, instructions d\u00e9taill\u00e9es avec des liens vers les pages officielles de transport\" \/>\n<meta name=\"robots\" content=\"index, follow, max-snippet:-1, max-image-preview:large, max-video-preview:-1\" \/>\n<link rel=\"canonical\" href=\"https:\/\/thisisbellezza.site\/fr\/comment-se-rendre-a-sirmione\/\" \/>\n<meta property=\"og:locale\" content=\"fr_FR\" \/>\n<meta property=\"og:type\" content=\"article\" \/>\n<meta property=\"og:title\" content=\"Comment se rendre \u00e0 Sirmione | Villa Canneto\" \/>\n<meta property=\"og:description\" content=\"Comment se rendre \u00e0 Sirmione en train, avion, voiture, instructions d\u00e9taill\u00e9es avec des liens vers les pages officielles de transport\" \/>\n<meta property=\"og:url\" content=\"https:\/\/thisisbellezza.site\/fr\/comment-se-rendre-a-sirmione\/\" \/>\n<meta property=\"og:site_name\" content=\"Villa Canneto\" \/>\n<meta property=\"article:modified_time\" content=\"2026-03-20T13:14:35+00:00\" \/>\n<meta property=\"og:image\" content=\"https:\/\/thisisbellezza.site\/wp-content\/uploads\/2024\/05\/villa-canneto--scaled.jpg\" \/>\n\t<meta property=\"og:image:width\" content=\"2560\" \/>\n\t<meta property=\"og:image:height\" content=\"1920\" \/>\n\t<meta property=\"og:image:type\" content=\"image\/jpeg\" \/>\n<meta name=\"twitter:card\" content=\"summary_large_image\" \/>\n<meta name=\"twitter:label1\" content=\"Dur\u00e9e de lecture estim\u00e9e\" \/>\n\t<meta name=\"twitter:data1\" content=\"3 minutes\" \/>\n<script type=\"application\/ld+json\" class=\"yoast-schema-graph\">{\"@context\":\"https:\\\/\\\/schema.org\",\"@graph\":[{\"@type\":\"WebPage\",\"@id\":\"https:\\\/\\\/thisisbellezza.site\\\/fr\\\/comment-se-rendre-a-sirmione\\\/\",\"url\":\"https:\\\/\\\/thisisbellezza.site\\\/fr\\\/comment-se-rendre-a-sirmione\\\/\",\"name\":\"Comment se rendre \u00e0 Sirmione | Villa Canneto\",\"isPartOf\":{\"@id\":\"https:\\\/\\\/villa-canneto.it\\\/#website\"},\"primaryImageOfPage\":{\"@id\":\"https:\\\/\\\/thisisbellezza.site\\\/fr\\\/comment-se-rendre-a-sirmione\\\/#primaryimage\"},\"image\":{\"@id\":\"https:\\\/\\\/thisisbellezza.site\\\/fr\\\/comment-se-rendre-a-sirmione\\\/#primaryimage\"},\"thumbnailUrl\":\"https:\\\/\\\/villa-canneto.it\\\/wp-content\\\/uploads\\\/2024\\\/05\\\/villa-canneto--scaled.jpg\",\"datePublished\":\"2021-12-15T15:03:44+00:00\",\"dateModified\":\"2026-03-20T13:14:35+00:00\",\"description\":\"Comment se rendre \u00e0 Sirmione en train, avion, voiture, instructions d\u00e9taill\u00e9es avec des liens vers les pages officielles de transport\",\"breadcrumb\":{\"@id\":\"https:\\\/\\\/thisisbellezza.site\\\/fr\\\/comment-se-rendre-a-sirmione\\\/#breadcrumb\"},\"inLanguage\":\"fr-FR\",\"potentialAction\":[{\"@type\":\"ReadAction\",\"target\":[\"https:\\\/\\\/thisisbellezza.site\\\/fr\\\/comment-se-rendre-a-sirmione\\\/\"]}]},{\"@type\":\"ImageObject\",\"inLanguage\":\"fr-FR\",\"@id\":\"https:\\\/\\\/thisisbellezza.site\\\/fr\\\/comment-se-rendre-a-sirmione\\\/#primaryimage\",\"url\":\"https:\\\/\\\/villa-canneto.it\\\/wp-content\\\/uploads\\\/2024\\\/05\\\/villa-canneto--scaled.jpg\",\"contentUrl\":\"https:\\\/\\\/villa-canneto.it\\\/wp-content\\\/uploads\\\/2024\\\/05\\\/villa-canneto--scaled.jpg\",\"width\":2560,\"height\":1920,\"caption\":\"default\"},{\"@type\":\"BreadcrumbList\",\"@id\":\"https:\\\/\\\/thisisbellezza.site\\\/fr\\\/comment-se-rendre-a-sirmione\\\/#breadcrumb\",\"itemListElement\":[{\"@type\":\"ListItem\",\"position\":1,\"name\":\"Home\",\"item\":\"https:\\\/\\\/thisisbellezza.site\\\/fr\\\/\"},{\"@type\":\"ListItem\",\"position\":2,\"name\":\"Comment se rendre \u00e0 Sirmione\"}]},{\"@type\":\"WebSite\",\"@id\":\"https:\\\/\\\/villa-canneto.it\\\/#website\",\"url\":\"https:\\\/\\\/villa-canneto.it\\\/\",\"name\":\"Villa Canneto\",\"description\":\"Un nuovo sito targato WordPress\",\"potentialAction\":[{\"@type\":\"SearchAction\",\"target\":{\"@type\":\"EntryPoint\",\"urlTemplate\":\"https:\\\/\\\/villa-canneto.it\\\/?s={search_term_string}\"},\"query-input\":{\"@type\":\"PropertyValueSpecification\",\"valueRequired\":true,\"valueName\":\"search_term_string\"}}],\"inLanguage\":\"fr-FR\"}]}<\/script>\n<!-- \/ Yoast SEO plugin. -->","yoast_head_json":{"title":"Comment se rendre \u00e0 Sirmione | Villa Canneto","description":"Comment se rendre \u00e0 Sirmione en train, avion, voiture, instructions d\u00e9taill\u00e9es avec des liens vers les pages officielles de transport","robots":{"index":"index","follow":"follow","max-snippet":"max-snippet:-1","max-image-preview":"max-image-preview:large","max-video-preview":"max-video-preview:-1"},"canonical":"https:\/\/thisisbellezza.site\/fr\/comment-se-rendre-a-sirmione\/","og_locale":"fr_FR","og_type":"article","og_title":"Comment se rendre \u00e0 Sirmione | Villa Canneto","og_description":"Comment se rendre \u00e0 Sirmione en train, avion, voiture, instructions d\u00e9taill\u00e9es avec des liens vers les pages officielles de transport","og_url":"https:\/\/thisisbellezza.site\/fr\/comment-se-rendre-a-sirmione\/","og_site_name":"Villa Canneto","article_modified_time":"2026-03-20T13:14:35+00:00","og_image":[{"width":2560,"height":1920,"url":"https:\/\/thisisbellezza.site\/wp-content\/uploads\/2024\/05\/villa-canneto--scaled.jpg","type":"image\/jpeg"}],"twitter_card":"summary_large_image","twitter_misc":{"Dur\u00e9e de lecture estim\u00e9e":"3 minutes"},"schema":{"@context":"https:\/\/schema.org","@graph":[{"@type":"WebPage","@id":"https:\/\/thisisbellezza.site\/fr\/comment-se-rendre-a-sirmione\/","url":"https:\/\/thisisbellezza.site\/fr\/comment-se-rendre-a-sirmione\/","name":"Comment se rendre \u00e0 Sirmione | Villa Canneto","isPartOf":{"@id":"https:\/\/villa-canneto.it\/#website"},"primaryImageOfPage":{"@id":"https:\/\/thisisbellezza.site\/fr\/comment-se-rendre-a-sirmione\/#primaryimage"},"image":{"@id":"https:\/\/thisisbellezza.site\/fr\/comment-se-rendre-a-sirmione\/#primaryimage"},"thumbnailUrl":"https:\/\/villa-canneto.it\/wp-content\/uploads\/2024\/05\/villa-canneto--scaled.jpg","datePublished":"2021-12-15T15:03:44+00:00","dateModified":"2026-03-20T13:14:35+00:00","description":"Comment se rendre \u00e0 Sirmione en train, avion, voiture, instructions d\u00e9taill\u00e9es avec des liens vers les pages officielles de transport","breadcrumb":{"@id":"https:\/\/thisisbellezza.site\/fr\/comment-se-rendre-a-sirmione\/#breadcrumb"},"inLanguage":"fr-FR","potentialAction":[{"@type":"ReadAction","target":["https:\/\/thisisbellezza.site\/fr\/comment-se-rendre-a-sirmione\/"]}]},{"@type":"ImageObject","inLanguage":"fr-FR","@id":"https:\/\/thisisbellezza.site\/fr\/comment-se-rendre-a-sirmione\/#primaryimage","url":"https:\/\/villa-canneto.it\/wp-content\/uploads\/2024\/05\/villa-canneto--scaled.jpg","contentUrl":"https:\/\/villa-canneto.it\/wp-content\/uploads\/2024\/05\/villa-canneto--scaled.jpg","width":2560,"height":1920,"caption":"default"},{"@type":"BreadcrumbList","@id":"https:\/\/thisisbellezza.site\/fr\/comment-se-rendre-a-sirmione\/#breadcrumb","itemListElement":[{"@type":"ListItem","position":1,"name":"Home","item":"https:\/\/thisisbellezza.site\/fr\/"},{"@type":"ListItem","position":2,"name":"Comment se rendre \u00e0 Sirmione"}]},{"@type":"WebSite","@id":"https:\/\/villa-canneto.it\/#website","url":"https:\/\/villa-canneto.it\/","name":"Villa Canneto","description":"Un nuovo sito targato WordPress","potentialAction":[{"@type":"SearchAction","target":{"@type":"EntryPoint","urlTemplate":"https:\/\/villa-canneto.it\/?s={search_term_string}"},"query-input":{"@type":"PropertyValueSpecification","valueRequired":true,"valueName":"search_term_string"}}],"inLanguage":"fr-FR"}]}},"_links":{"self":[{"href":"https:\/\/villa-canneto.it\/fr\/wp-json\/wp\/v2\/pages\/555","targetHints":{"allow":["GET"]}}],"collection":[{"href":"https:\/\/villa-canneto.it\/fr\/wp-json\/wp\/v2\/pages"}],"about":[{"href":"https:\/\/villa-canneto.it\/fr\/wp-json\/wp\/v2\/types\/page"}],"author":[{"embeddable":true,"href":"https:\/\/villa-canneto.it\/fr\/wp-json\/wp\/v2\/users\/2"}],"replies":[{"embeddable":true,"href":"https:\/\/villa-canneto.it\/fr\/wp-json\/wp\/v2\/comments?post=555"}],"version-history":[{"count":0,"href":"https:\/\/villa-canneto.it\/fr\/wp-json\/wp\/v2\/pages\/555\/revisions"}],"wp:featuredmedia":[{"embeddable":true,"href":"https:\/\/villa-canneto.it\/fr\/wp-json\/wp\/v2\/media\/1195"}],"wp:attachment":[{"href":"https:\/\/villa-canneto.it\/fr\/wp-json\/wp\/v2\/media?parent=555"}],"curies":[{"name":"wp","href":"https:\/\/api.w.org\/{rel}","templated":true}]}}