{"id":546,"date":"2022-01-20T15:57:30","date_gmt":"2022-01-20T14:57:30","guid":{"rendered":"https:\/\/villa-canneto.it\/?page_id=546"},"modified":"2026-03-20T13:45:59","modified_gmt":"2026-03-20T12:45:59","slug":"villa-canneto-sirmione","status":"publish","type":"page","link":"https:\/\/villa-canneto.it\/fr\/","title":{"rendered":"Villa Canneto Sirmione"},"content":{"rendered":"    <div id=\"carousel-home\">\n        <div class=\"owl-carousel owl-theme kenburns\">\n\t\t            <div class=\"owl-slide background-image cover\" data-background=\"url('https:\/\/villa-canneto.it\/wp-content\/uploads\/2024\/05\/villa-canneto--scaled.jpg')\">\n                <div class=\"opacity-mask d-flex align-items-center\" data-opacity-mask=\"rgba(0, 0, 0, 0.5)\">\n                    <div class=\"container\">\n                        <div class=\"row justify-content-center justify-content-md-start\">\n                            <div class=\"col-lg-8 static\">\n                                <div class=\"slide-text white\">\n                                    <small class=\"owl-slide-animated owl-slide-title\">Villa Canneto<\/small>                                    <h2 class=\"owl-slide-animated owl-slide-title-2\">Appartements de vacances Lac de Garde Sirmione<\/h2>                                    <div class=\"owl-slide-animated owl-slide-title-3\">\n\t                                \t                                    <a class=\"btn_1 big mt-3\" href=\"https:\/\/reservations.verticalbooking.com\/premium\/index.html?id_albergo=25854&#038;dc=9439&#038;id_stile=19787&#038;lingua_int=fra\">R\u00e9server maintenant<\/a>\n\t                               \t                               \t                               \t\t<a target=\"_blank\" class=\"btn_1 big colored mt-3\" href=\"https:\/\/wa.me\/39030919140?text=Bonjour%2C%20pourriez-vous%20me%20rappeler%20%3F%20Merci\">Call Back<\/a>\n\t\t\t\t\t\t\t\t   \t\t                                <\/div>\n                                <\/div>\n                            <\/div>\n                        <\/div>\n                    <\/div>\n                <\/div>\n            <\/div>\n                \n        <\/div>\n    <\/div>\n\n\n    <div>\n        <div class=\"container margin_120_95\" id=\"first_section\">\n            <div class=\"row justify-content-between flex-lg-row-reverse align-items-center\">\n\t           \n                <div class=\"col-lg-12\">\n                    <div class=\"intro\">\n                        <div class=\"title\">\n                            <small>Appartements de vacances Lac de Garde Sirmione<\/small>                            <h2>Villa Canneto &#8211; Lac de Garde<\/h2>                        <\/div>\n                        <p class=\"lead\">Appartements avec vue sur le lac, ouverts toute l\u2019ann\u00e9e ; \u00e0 quelques pas du ch\u00e2teau et du centre historique avec la zone pi\u00e9tonne pleine de boutiques, bars et restaurants.<\/p>                        <p>La Villa Canneto est la d\u00e9pendance de l\u2019h\u00f4tel Smeraldo, un b\u00e2timent nouvellement construit face au lac, offrant un parking priv\u00e9 et un jardin priv\u00e9 et \u00e9quip\u00e9 donnant directement sur le lac ; appartements avec des vues panoramiques spectaculaires.<\/p>\n<p>Les appartements de la Villa Canneto sont id\u00e9aux pour des vacances en toute autonomie, \u00e0 proximit\u00e9 du centre historique mais dans une zone avec un acc\u00e8s gratuit en voiture, sans avoir besoin de permis ni de restrictions de temps.<\/p>\n                                                <p>\n\t                       <a target=\"_self\" href=\"https:\/\/reservations.verticalbooking.com\/premium\/index.html?id_albergo=25854&#038;dc=9439&#038;id_stile=19787&#038;lingua_int=fra\" class=\"btn_4 learn-more\">\n                                <span class=\"circle\">\n                                    <span class=\"icon arrow\"><\/span>\n                                <\/span>\n                                <span class=\"button-text\">R\u00e9servez Maintenant<\/span>\n                            <\/a> \n                        <\/p>\n                                            <\/div>\n                <\/div>            \n                        <\/div>\n        <\/div>\n    <\/div>\n    \n\n\n        <div class=\"bg_white\">\n            <div class=\"container margin_120_95\">\n                <div class=\"title mb-3\">\n                    <small data-cue=\"slideInUp\">D\u00c9COUVREZ NOS OFFRES<\/small>                    <h2 data-cue=\"slideInUp\" data-delay=\"200\">Offres<\/h2>                <\/div>\n                <div class=\"row justify-content-center home items-row\">\n\t                \n                    <div class=\"item col-xl-4 col-lg-6\">\n                        <a href=\"https:\/\/villa-canneto.it\/fr\/offres\/ete-a-sirmione\/\" class=\"box_contents\" data-cue=\"slideInUp\" data-delay=\"300\">\n\t\t\t\t\t         \t\t\t\t\t            <figure><img loading=\"lazy\" decoding=\"async\" width=\"1024\" height=\"768\" src=\"https:\/\/villa-canneto.it\/wp-content\/uploads\/2024\/01\/estate-sul-garda-1024X768.jpg\" class=\"img-fluid wp-post-image\" alt=\"\" srcset=\"https:\/\/villa-canneto.it\/wp-content\/uploads\/2024\/01\/estate-sul-garda-1024X768.jpg 1024w, https:\/\/villa-canneto.it\/wp-content\/uploads\/2024\/01\/estate-sul-garda-1024X768-800x600.jpg 800w, https:\/\/villa-canneto.it\/wp-content\/uploads\/2024\/01\/estate-sul-garda-1024X768-768x576.jpg 768w\" sizes=\"auto, (max-width: 1024px) 100vw, 1024px\" \/><\/figure>\n\t\t\t\t\t                                   \n                            <div class=\"wrapper\">\n                                <small>Offres appartements de vacances lac de Garde Sirmione<span><\/span><\/small>\n                                <h2 class=\"mb-0\">\u00c9t\u00e9 \u00e0 Sirmione<\/h2>\n                                <em>Lire<\/em>\n                            <\/div>\n                        <\/a>\n                    <\/div>\n\t\t\t\t    \n                    <div class=\"item col-xl-4 col-lg-6\">\n                        <a href=\"https:\/\/villa-canneto.it\/fr\/offres\/sejour-romantique-sur-le-lac\/\" class=\"box_contents\" data-cue=\"slideInUp\" data-delay=\"300\">\n\t\t\t\t\t         \t\t\t\t\t            <figure><img loading=\"lazy\" decoding=\"async\" width=\"800\" height=\"350\" src=\"https:\/\/villa-canneto.it\/wp-content\/uploads\/2023\/02\/romantico-4-800x350-1.jpg\" class=\"img-fluid wp-post-image\" alt=\"\" srcset=\"https:\/\/villa-canneto.it\/wp-content\/uploads\/2023\/02\/romantico-4-800x350-1.jpg 800w, https:\/\/villa-canneto.it\/wp-content\/uploads\/2023\/02\/romantico-4-800x350-1-768x336.jpg 768w\" sizes=\"auto, (max-width: 800px) 100vw, 800px\" \/><\/figure>\n\t\t\t\t\t                                   \n                            <div class=\"wrapper\">\n                                <small>Offres appartements de vacances lac de Garde Sirmione<span><\/span><\/small>\n                                <h2 class=\"mb-0\">S\u00e9jour romantique sur le lac<\/h2>\n                                <em>Lire<\/em>\n                            <\/div>\n                        <\/a>\n                    <\/div>\n\t\t\t\t    \n                    <div class=\"item col-xl-4 col-lg-6\">\n                        <a href=\"https:\/\/villa-canneto.it\/fr\/offres\/offre-sejour-vacances-plus-de-65-ans\/\" class=\"box_contents\" data-cue=\"slideInUp\" data-delay=\"300\">\n\t\t\t\t\t         \t\t\t\t\t            <figure><img loading=\"lazy\" decoding=\"async\" width=\"700\" height=\"480\" src=\"https:\/\/villa-canneto.it\/wp-content\/uploads\/2021\/12\/over-65-vacanze-700x480-1.jpg\" class=\"img-fluid wp-post-image\" alt=\"\" \/><\/figure>\n\t\t\t\t\t                                   \n                            <div class=\"wrapper\">\n                                <small>Offres appartements de vacances lac de Garde Sirmione<span><\/span><\/small>\n                                <h2 class=\"mb-0\">S\u00e9jour vacances plus de 65 ans<\/h2>\n                                <em>Lire<\/em>\n                            <\/div>\n                        <\/a>\n                    <\/div>\n\t\t\t\t\t\t\t\t                <\/div>\n                                <p class=\"text-end\"><a href=\"https:\/\/villa-canneto.it\/fr\/.\/offres\/\" class=\"btn_1 outline mt-2\" data-cue=\"slideInUp\" data-delay=\"600\">D\u00e9couvrez les offres<\/a><\/p>\n                            <\/div>\n        <\/div>\n\t\t\n\n    <div class=\"container margin_120_95\">\n        <div class=\"title mb-4\">\n            <small data-cue=\"slideInUp\">Disponibilit\u00e9 et accueil<\/small>            <h2 data-cue=\"slideInUp\"  data-delay=\"200\">\u00c9tablissements li\u00e9s<\/h2>        <\/div>\n        <div data-cues=\"zoomIn\" data-delay=\"200\">\n            <div class=\"owl-carousel owl-theme carousel_item_centered_rooms rounded-img\">\n\t            \n                <div class=\"item\">\n                    <a _self href=\"https:\/\/hotellapaul.it\/\" class=\"box_cat_rooms\">\n                        <figure>\n                            <div class=\"background-image\" data-background=\"url(https:\/\/villa-canneto.it\/wp-content\/uploads\/2026\/03\/lapaul.webp)\"><\/div>\n                            <div class=\"info\">\n                                <h3>Hotel La Pa\u00fcl<\/h3>\n                                <span>Visita<\/span>\n                            <\/div>\n                        <\/figure>\n                    <\/a>\n                <\/div>\n\t\t\t    \n                <div class=\"item\">\n                    <a _self href=\"https:\/\/www.smeraldosirmione.com\/\" class=\"box_cat_rooms\">\n                        <figure>\n                            <div class=\"background-image\" data-background=\"url(https:\/\/villa-canneto.it\/wp-content\/uploads\/2026\/03\/hotel-smeraldo.webp)\"><\/div>\n                            <div class=\"info\">\n                                <h3>Hotel Smeraldo<\/h3>\n                                <span>Visita<\/span>\n                            <\/div>\n                        <\/figure>\n                    <\/a>\n                <\/div>\n\t\t\t    \n                <div class=\"item\">\n                    <a _self href=\"https:\/\/ristorantecanneto.it\/\" class=\"box_cat_rooms\">\n                        <figure>\n                            <div class=\"background-image\" data-background=\"url(https:\/\/villa-canneto.it\/wp-content\/uploads\/2026\/03\/villa-canneto.webp)\"><\/div>\n                            <div class=\"info\">\n                                <h3>Ristorante il Canneto<\/h3>\n                                <span>Visita<\/span>\n                            <\/div>\n                        <\/figure>\n                    <\/a>\n                <\/div>\n\t\t\t            <\/div>\n        <\/div>\n    <\/div>\n\n\n        <div class=\"bg_white\">\n            <div class=\"container margin_120_95\">\n                <div class=\"title mb-3\">\n                    <small data-cue=\"slideInUp\">TOUS LES \u00c9V\u00c9NEMENTS \u00c0 SIRMIONE<\/small>                    <h2 data-cue=\"slideInUp\" data-delay=\"200\">\u00c9v\u00e9nements<\/h2>                <\/div>\n                <div class=\"row justify-content-center home items-row\">\n\t                \n                    <div class=\"item col-xl-4 col-lg-6\">\n                        <a href=\"https:\/\/villa-canneto.it\/fr\/news-et-evenements\/appartement-pres-de-fieracavalli-verone\/\" class=\"box_contents\" data-cue=\"slideInUp\" data-delay=\"300\">\n\t\t\t\t\t         \t\t\t\t\t            <figure><img loading=\"lazy\" decoding=\"async\" width=\"1024\" height=\"1024\" src=\"https:\/\/villa-canneto.it\/wp-content\/uploads\/2023\/10\/fieracavalli-verona-1024x1024.png\" class=\"img-fluid wp-post-image\" alt=\"\" srcset=\"https:\/\/villa-canneto.it\/wp-content\/uploads\/2023\/10\/fieracavalli-verona-1024x1024.png 1024w, https:\/\/villa-canneto.it\/wp-content\/uploads\/2023\/10\/fieracavalli-verona-600x600.png 600w, https:\/\/villa-canneto.it\/wp-content\/uploads\/2023\/10\/fieracavalli-verona-768x768.png 768w, https:\/\/villa-canneto.it\/wp-content\/uploads\/2023\/10\/fieracavalli-verona-1536x1536.png 1536w, https:\/\/villa-canneto.it\/wp-content\/uploads\/2023\/10\/fieracavalli-verona.png 1600w\" sizes=\"auto, (max-width: 1024px) 100vw, 1024px\" \/><\/figure>\n\t\t\t\t\t                                   \n                            <div class=\"wrapper\">\n                                <small>News et Ev\u00e8nements<span><\/span><\/small>\n                                <h2 class=\"mb-0\">Appartement pr\u00e8s de Fieracavalli V\u00e9rone<\/h2>\n                                <em>Lire<\/em>\n                            <\/div>\n                        <\/a>\n                    <\/div>\n\t\t\t\t    \n                    <div class=\"item col-xl-4 col-lg-6\">\n                        <a href=\"https:\/\/villa-canneto.it\/fr\/news-et-evenements\/vinitaly-ou-dormir\/\" class=\"box_contents\" data-cue=\"slideInUp\" data-delay=\"300\">\n\t\t\t\t\t         \t\t\t\t\t            <figure><img loading=\"lazy\" decoding=\"async\" width=\"1024\" height=\"768\" src=\"https:\/\/villa-canneto.it\/wp-content\/uploads\/2023\/03\/vinitaly-dove-dormire.jpg\" class=\"img-fluid wp-post-image\" alt=\"Vinitaly dove dormire\" srcset=\"https:\/\/villa-canneto.it\/wp-content\/uploads\/2023\/03\/vinitaly-dove-dormire.jpg 1024w, https:\/\/villa-canneto.it\/wp-content\/uploads\/2023\/03\/vinitaly-dove-dormire-800x600.jpg 800w, https:\/\/villa-canneto.it\/wp-content\/uploads\/2023\/03\/vinitaly-dove-dormire-768x576.jpg 768w\" sizes=\"auto, (max-width: 1024px) 100vw, 1024px\" \/><\/figure>\n\t\t\t\t\t                                   \n                            <div class=\"wrapper\">\n                                <small>News et Ev\u00e8nements<span><\/span><\/small>\n                                <h2 class=\"mb-0\">Vinitaly o\u00f9 dormir<\/h2>\n                                <em>Lire<\/em>\n                            <\/div>\n                        <\/a>\n                    <\/div>\n\t\t\t\t    \n                    <div class=\"item col-xl-4 col-lg-6\">\n                        <a href=\"https:\/\/villa-canneto.it\/fr\/news-et-evenements\/1000-miglia-sirmione\/\" class=\"box_contents\" data-cue=\"slideInUp\" data-delay=\"300\">\n\t\t\t\t\t         \t\t\t\t\t            <figure><img loading=\"lazy\" decoding=\"async\" width=\"1024\" height=\"595\" src=\"https:\/\/villa-canneto.it\/wp-content\/uploads\/2023\/02\/1000-miglia-logo-1024x595.jpg\" class=\"img-fluid wp-post-image\" alt=\"\" srcset=\"https:\/\/villa-canneto.it\/wp-content\/uploads\/2023\/02\/1000-miglia-logo-1024x595.jpg 1024w, https:\/\/villa-canneto.it\/wp-content\/uploads\/2023\/02\/1000-miglia-logo-800x465.jpg 800w, https:\/\/villa-canneto.it\/wp-content\/uploads\/2023\/02\/1000-miglia-logo-768x446.jpg 768w, https:\/\/villa-canneto.it\/wp-content\/uploads\/2023\/02\/1000-miglia-logo-1536x893.jpg 1536w, https:\/\/villa-canneto.it\/wp-content\/uploads\/2023\/02\/1000-miglia-logo.jpg 1624w\" sizes=\"auto, (max-width: 1024px) 100vw, 1024px\" \/><\/figure>\n\t\t\t\t\t                                   \n                            <div class=\"wrapper\">\n                                <small>News et Ev\u00e8nements<span><\/span><\/small>\n                                <h2 class=\"mb-0\">1000 Miglia Sirmione<\/h2>\n                                <em>Lire<\/em>\n                            <\/div>\n                        <\/a>\n                    <\/div>\n\t\t\t\t\t\t\t\t                <\/div>\n                                <p class=\"text-end\"><a href=\"https:\/\/villa-canneto.it\/fr\/.\/news-et-evenements\/\" class=\"btn_1 outline mt-2\" data-cue=\"slideInUp\" data-delay=\"600\">D\u00e9couvrez les \u00e9v\u00e9nements<\/a><\/p>\n                            <\/div>\n        <\/div>\n\t\t","protected":false},"excerpt":{"rendered":"","protected":false},"author":2,"featured_media":0,"parent":0,"menu_order":1,"comment_status":"closed","ping_status":"closed","template":"","meta":{"_acf_changed":false,"footnotes":""},"class_list":["post-546","page","type-page","status-publish","hentry"],"acf":[],"yoast_head":"<!-- This site is optimized with the Yoast SEO plugin v27.3 - https:\/\/yoast.com\/product\/yoast-seo-wordpress\/ -->\n<title>Villa Canneto Sirmione |Appartaments sur le lac de Garde |<\/title>\n<meta name=\"description\" content=\"Villa Canneto \u00e0 Sirmione appartements au bord du lac pr\u00e8s du ch\u00e2teau et du centre historique avec parking, zone avec acc\u00e8s pour les voitures\" \/>\n<meta name=\"robots\" content=\"index, follow, max-snippet:-1, max-image-preview:large, max-video-preview:-1\" \/>\n<link rel=\"canonical\" href=\"https:\/\/thisisbellezza.site\/fr\/\" \/>\n<meta property=\"og:locale\" content=\"fr_FR\" \/>\n<meta property=\"og:type\" content=\"article\" \/>\n<meta property=\"og:title\" content=\"Villa Canneto Sirmione |Appartaments sur le lac de Garde |\" \/>\n<meta property=\"og:description\" content=\"Villa Canneto \u00e0 Sirmione appartements au bord du lac pr\u00e8s du ch\u00e2teau et du centre historique avec parking, zone avec acc\u00e8s pour les voitures\" \/>\n<meta property=\"og:url\" content=\"https:\/\/thisisbellezza.site\/fr\/\" \/>\n<meta property=\"og:site_name\" content=\"Villa Canneto\" \/>\n<meta property=\"article:modified_time\" content=\"2026-03-20T12:45:59+00:00\" \/>\n<meta name=\"twitter:card\" content=\"summary_large_image\" \/>\n<script type=\"application\/ld+json\" class=\"yoast-schema-graph\">{\"@context\":\"https:\\\/\\\/schema.org\",\"@graph\":[{\"@type\":\"WebPage\",\"@id\":\"https:\\\/\\\/thisisbellezza.site\\\/fr\\\/\",\"url\":\"https:\\\/\\\/thisisbellezza.site\\\/fr\\\/\",\"name\":\"Villa Canneto Sirmione |Appartaments sur le lac de Garde |\",\"isPartOf\":{\"@id\":\"https:\\\/\\\/villa-canneto.it\\\/#website\"},\"datePublished\":\"2022-01-20T14:57:30+00:00\",\"dateModified\":\"2026-03-20T12:45:59+00:00\",\"description\":\"Villa Canneto \u00e0 Sirmione appartements au bord du lac pr\u00e8s du ch\u00e2teau et du centre historique avec parking, zone avec acc\u00e8s pour les voitures\",\"breadcrumb\":{\"@id\":\"https:\\\/\\\/thisisbellezza.site\\\/fr\\\/#breadcrumb\"},\"inLanguage\":\"fr-FR\",\"potentialAction\":[{\"@type\":\"ReadAction\",\"target\":[\"https:\\\/\\\/thisisbellezza.site\\\/fr\\\/\"]}]},{\"@type\":\"BreadcrumbList\",\"@id\":\"https:\\\/\\\/thisisbellezza.site\\\/fr\\\/#breadcrumb\",\"itemListElement\":[{\"@type\":\"ListItem\",\"position\":1,\"name\":\"Home\",\"item\":\"https:\\\/\\\/thisisbellezza.site\\\/fr\\\/\"},{\"@type\":\"ListItem\",\"position\":2,\"name\":\"Villa Canneto Sirmione\"}]},{\"@type\":\"WebSite\",\"@id\":\"https:\\\/\\\/villa-canneto.it\\\/#website\",\"url\":\"https:\\\/\\\/villa-canneto.it\\\/\",\"name\":\"Villa Canneto\",\"description\":\"Un nuovo sito targato WordPress\",\"potentialAction\":[{\"@type\":\"SearchAction\",\"target\":{\"@type\":\"EntryPoint\",\"urlTemplate\":\"https:\\\/\\\/villa-canneto.it\\\/?s={search_term_string}\"},\"query-input\":{\"@type\":\"PropertyValueSpecification\",\"valueRequired\":true,\"valueName\":\"search_term_string\"}}],\"inLanguage\":\"fr-FR\"}]}<\/script>\n<!-- \/ Yoast SEO plugin. -->","yoast_head_json":{"title":"Villa Canneto Sirmione |Appartaments sur le lac de Garde |","description":"Villa Canneto \u00e0 Sirmione appartements au bord du lac pr\u00e8s du ch\u00e2teau et du centre historique avec parking, zone avec acc\u00e8s pour les voitures","robots":{"index":"index","follow":"follow","max-snippet":"max-snippet:-1","max-image-preview":"max-image-preview:large","max-video-preview":"max-video-preview:-1"},"canonical":"https:\/\/thisisbellezza.site\/fr\/","og_locale":"fr_FR","og_type":"article","og_title":"Villa Canneto Sirmione |Appartaments sur le lac de Garde |","og_description":"Villa Canneto \u00e0 Sirmione appartements au bord du lac pr\u00e8s du ch\u00e2teau et du centre historique avec parking, zone avec acc\u00e8s pour les voitures","og_url":"https:\/\/thisisbellezza.site\/fr\/","og_site_name":"Villa Canneto","article_modified_time":"2026-03-20T12:45:59+00:00","twitter_card":"summary_large_image","schema":{"@context":"https:\/\/schema.org","@graph":[{"@type":"WebPage","@id":"https:\/\/thisisbellezza.site\/fr\/","url":"https:\/\/thisisbellezza.site\/fr\/","name":"Villa Canneto Sirmione |Appartaments sur le lac de Garde |","isPartOf":{"@id":"https:\/\/villa-canneto.it\/#website"},"datePublished":"2022-01-20T14:57:30+00:00","dateModified":"2026-03-20T12:45:59+00:00","description":"Villa Canneto \u00e0 Sirmione appartements au bord du lac pr\u00e8s du ch\u00e2teau et du centre historique avec parking, zone avec acc\u00e8s pour les voitures","breadcrumb":{"@id":"https:\/\/thisisbellezza.site\/fr\/#breadcrumb"},"inLanguage":"fr-FR","potentialAction":[{"@type":"ReadAction","target":["https:\/\/thisisbellezza.site\/fr\/"]}]},{"@type":"BreadcrumbList","@id":"https:\/\/thisisbellezza.site\/fr\/#breadcrumb","itemListElement":[{"@type":"ListItem","position":1,"name":"Home","item":"https:\/\/thisisbellezza.site\/fr\/"},{"@type":"ListItem","position":2,"name":"Villa Canneto Sirmione"}]},{"@type":"WebSite","@id":"https:\/\/villa-canneto.it\/#website","url":"https:\/\/villa-canneto.it\/","name":"Villa Canneto","description":"Un nuovo sito targato WordPress","potentialAction":[{"@type":"SearchAction","target":{"@type":"EntryPoint","urlTemplate":"https:\/\/villa-canneto.it\/?s={search_term_string}"},"query-input":{"@type":"PropertyValueSpecification","valueRequired":true,"valueName":"search_term_string"}}],"inLanguage":"fr-FR"}]}},"_links":{"self":[{"href":"https:\/\/villa-canneto.it\/fr\/wp-json\/wp\/v2\/pages\/546","targetHints":{"allow":["GET"]}}],"collection":[{"href":"https:\/\/villa-canneto.it\/fr\/wp-json\/wp\/v2\/pages"}],"about":[{"href":"https:\/\/villa-canneto.it\/fr\/wp-json\/wp\/v2\/types\/page"}],"author":[{"embeddable":true,"href":"https:\/\/villa-canneto.it\/fr\/wp-json\/wp\/v2\/users\/2"}],"replies":[{"embeddable":true,"href":"https:\/\/villa-canneto.it\/fr\/wp-json\/wp\/v2\/comments?post=546"}],"version-history":[{"count":0,"href":"https:\/\/villa-canneto.it\/fr\/wp-json\/wp\/v2\/pages\/546\/revisions"}],"wp:attachment":[{"href":"https:\/\/villa-canneto.it\/fr\/wp-json\/wp\/v2\/media?parent=546"}],"curies":[{"name":"wp","href":"https:\/\/api.w.org\/{rel}","templated":true}]}}