{"id":731,"date":"2022-01-20T19:20:30","date_gmt":"2022-01-20T18:20:30","guid":{"rendered":"https:\/\/villa-canneto.it\/?page_id=731"},"modified":"2025-12-19T10:54:35","modified_gmt":"2025-12-19T09:54:35","slug":"dienstleistungen","status":"publish","type":"page","link":"https:\/\/villa-canneto.it\/de\/dienstleistungen\/","title":{"rendered":"Dienstleistungen"},"content":{"rendered":"\n<h3 class=\"wp-block-heading\">Dienstleistungen enthalten<\/h3>\n\n\n\n<ul class=\"wp-block-list\">\n<li>Kostenloses WiFi in der Wohnung und im Garten<\/li>\n\n\n\n<li>Verbrauchen Sie Wasser, Strom, Gas<\/li>\n\n\n\n<li>Bettw\u00e4sche\/Badew\u00e4sche zu Beginn des Aufenthalts inbegriffen<\/li>\n\n\n\n<li>H\u00f6fliches Badezimmer-Set<\/li>\n\n\n\n<li>Strandbetten mit Tisch und Sonnenschirm<\/li>\n\n\n\n<li>Strandt\u00fccher (bei Ankunft)<\/li>\n<\/ul>\n\n\n\n<h3 class=\"wp-block-heading\"><strong>Nicht inbegriffene Leistungen (gegen Geb\u00fchr erh\u00e4ltlich)<\/strong><\/h3>\n\n\n\n<ul class=\"wp-block-list\">\n<li>Privatparkplatz <\/li>\n\n\n\n<li>Kinderbett und Hochstuhl<\/li>\n\n\n\n<li>Zus\u00e4tzliche Reinigung w\u00e4hrend des Aufenthalts, Wechsel der Bettw\u00e4sche oder Strandt\u00fccher<\/li>\n\n\n\n<li>Reichhaltiges Fr\u00fchst\u00fccksbuffet in der angrenzenden Partnerstruktur vom 1.4. bis 1.11)<\/li>\n\n\n\n<li>Angeschlossener Fahrradverleih<\/li>\n\n\n\n<li>Transfers von\/zu Flugh\u00e4fen<\/li>\n\n\n\n<li>Parkeintrittskarten<\/li>\n<\/ul>\n\n\n\n<h3 class=\"wp-block-heading\">Gastronomie<\/h3>\n\n\n\n<p>F\u00fcr die Kunden der Apartments besteht eine Vereinbarung mit dem Restaurant Canneto vor den Apartments, das auch ein Men\u00fc zum Mitnehmen hat.<\/p>\n","protected":false},"excerpt":{"rendered":"<p>Dienstleistungen enthalten Nicht inbegriffene Leistungen (gegen Geb\u00fchr erh\u00e4ltlich) Gastronomie F\u00fcr die Kunden [&hellip;]<\/p>\n","protected":false},"author":2,"featured_media":0,"parent":0,"menu_order":20,"comment_status":"closed","ping_status":"closed","template":"","meta":{"_acf_changed":false,"footnotes":""},"class_list":["post-731","page","type-page","status-publish","hentry"],"acf":[],"yoast_head":"<!-- This site is optimized with the Yoast SEO plugin v27.5 - https:\/\/yoast.com\/product\/yoast-seo-wordpress\/ -->\n<title>Dienstleistungen - Villa Canneto<\/title>\n<meta name=\"robots\" content=\"index, follow, max-snippet:-1, max-image-preview:large, max-video-preview:-1\" \/>\n<link rel=\"canonical\" href=\"https:\/\/villa-canneto.it\/de\/dienstleistungen\/\" \/>\n<meta property=\"og:locale\" content=\"de_DE\" \/>\n<meta property=\"og:type\" content=\"article\" \/>\n<meta property=\"og:title\" content=\"Dienstleistungen - Villa Canneto\" \/>\n<meta property=\"og:description\" content=\"Dienstleistungen enthalten Nicht inbegriffene Leistungen (gegen Geb\u00fchr erh\u00e4ltlich) Gastronomie F\u00fcr die Kunden [&hellip;]\" \/>\n<meta property=\"og:url\" content=\"https:\/\/villa-canneto.it\/de\/dienstleistungen\/\" \/>\n<meta property=\"og:site_name\" content=\"Villa Canneto\" \/>\n<meta property=\"article:modified_time\" content=\"2025-12-19T09:54:35+00:00\" \/>\n<meta name=\"twitter:card\" content=\"summary_large_image\" \/>\n<meta name=\"twitter:label1\" content=\"Gesch\u00e4tzte Lesezeit\" \/>\n\t<meta name=\"twitter:data1\" content=\"1\u00a0Minute\" \/>\n<script type=\"application\/ld+json\" class=\"yoast-schema-graph\">{\"@context\":\"https:\\\/\\\/schema.org\",\"@graph\":[{\"@type\":\"WebPage\",\"@id\":\"https:\\\/\\\/villa-canneto.it\\\/de\\\/dienstleistungen\\\/\",\"url\":\"https:\\\/\\\/villa-canneto.it\\\/de\\\/dienstleistungen\\\/\",\"name\":\"Dienstleistungen - Villa Canneto\",\"isPartOf\":{\"@id\":\"https:\\\/\\\/villa-canneto.it\\\/#website\"},\"datePublished\":\"2022-01-20T18:20:30+00:00\",\"dateModified\":\"2025-12-19T09:54:35+00:00\",\"breadcrumb\":{\"@id\":\"https:\\\/\\\/villa-canneto.it\\\/de\\\/dienstleistungen\\\/#breadcrumb\"},\"inLanguage\":\"de\",\"potentialAction\":[{\"@type\":\"ReadAction\",\"target\":[\"https:\\\/\\\/villa-canneto.it\\\/de\\\/dienstleistungen\\\/\"]}]},{\"@type\":\"BreadcrumbList\",\"@id\":\"https:\\\/\\\/villa-canneto.it\\\/de\\\/dienstleistungen\\\/#breadcrumb\",\"itemListElement\":[{\"@type\":\"ListItem\",\"position\":1,\"name\":\"Home\",\"item\":\"https:\\\/\\\/thisisbellezza.site\\\/de\\\/\"},{\"@type\":\"ListItem\",\"position\":2,\"name\":\"Dienstleistungen\"}]},{\"@type\":\"WebSite\",\"@id\":\"https:\\\/\\\/villa-canneto.it\\\/#website\",\"url\":\"https:\\\/\\\/villa-canneto.it\\\/\",\"name\":\"Villa Canneto\",\"description\":\"Un nuovo sito targato WordPress\",\"potentialAction\":[{\"@type\":\"SearchAction\",\"target\":{\"@type\":\"EntryPoint\",\"urlTemplate\":\"https:\\\/\\\/villa-canneto.it\\\/?s={search_term_string}\"},\"query-input\":{\"@type\":\"PropertyValueSpecification\",\"valueRequired\":true,\"valueName\":\"search_term_string\"}}],\"inLanguage\":\"de\"}]}<\/script>\n<!-- \/ Yoast SEO plugin. -->","yoast_head_json":{"title":"Dienstleistungen - Villa Canneto","robots":{"index":"index","follow":"follow","max-snippet":"max-snippet:-1","max-image-preview":"max-image-preview:large","max-video-preview":"max-video-preview:-1"},"canonical":"https:\/\/villa-canneto.it\/de\/dienstleistungen\/","og_locale":"de_DE","og_type":"article","og_title":"Dienstleistungen - Villa Canneto","og_description":"Dienstleistungen enthalten Nicht inbegriffene Leistungen (gegen Geb\u00fchr erh\u00e4ltlich) Gastronomie F\u00fcr die Kunden [&hellip;]","og_url":"https:\/\/villa-canneto.it\/de\/dienstleistungen\/","og_site_name":"Villa Canneto","article_modified_time":"2025-12-19T09:54:35+00:00","twitter_card":"summary_large_image","twitter_misc":{"Gesch\u00e4tzte Lesezeit":"1\u00a0Minute"},"schema":{"@context":"https:\/\/schema.org","@graph":[{"@type":"WebPage","@id":"https:\/\/villa-canneto.it\/de\/dienstleistungen\/","url":"https:\/\/villa-canneto.it\/de\/dienstleistungen\/","name":"Dienstleistungen - Villa Canneto","isPartOf":{"@id":"https:\/\/villa-canneto.it\/#website"},"datePublished":"2022-01-20T18:20:30+00:00","dateModified":"2025-12-19T09:54:35+00:00","breadcrumb":{"@id":"https:\/\/villa-canneto.it\/de\/dienstleistungen\/#breadcrumb"},"inLanguage":"de","potentialAction":[{"@type":"ReadAction","target":["https:\/\/villa-canneto.it\/de\/dienstleistungen\/"]}]},{"@type":"BreadcrumbList","@id":"https:\/\/villa-canneto.it\/de\/dienstleistungen\/#breadcrumb","itemListElement":[{"@type":"ListItem","position":1,"name":"Home","item":"https:\/\/thisisbellezza.site\/de\/"},{"@type":"ListItem","position":2,"name":"Dienstleistungen"}]},{"@type":"WebSite","@id":"https:\/\/villa-canneto.it\/#website","url":"https:\/\/villa-canneto.it\/","name":"Villa Canneto","description":"Un nuovo sito targato WordPress","potentialAction":[{"@type":"SearchAction","target":{"@type":"EntryPoint","urlTemplate":"https:\/\/villa-canneto.it\/?s={search_term_string}"},"query-input":{"@type":"PropertyValueSpecification","valueRequired":true,"valueName":"search_term_string"}}],"inLanguage":"de"}]}},"_links":{"self":[{"href":"https:\/\/villa-canneto.it\/de\/wp-json\/wp\/v2\/pages\/731","targetHints":{"allow":["GET"]}}],"collection":[{"href":"https:\/\/villa-canneto.it\/de\/wp-json\/wp\/v2\/pages"}],"about":[{"href":"https:\/\/villa-canneto.it\/de\/wp-json\/wp\/v2\/types\/page"}],"author":[{"embeddable":true,"href":"https:\/\/villa-canneto.it\/de\/wp-json\/wp\/v2\/users\/2"}],"replies":[{"embeddable":true,"href":"https:\/\/villa-canneto.it\/de\/wp-json\/wp\/v2\/comments?post=731"}],"version-history":[{"count":0,"href":"https:\/\/villa-canneto.it\/de\/wp-json\/wp\/v2\/pages\/731\/revisions"}],"wp:attachment":[{"href":"https:\/\/villa-canneto.it\/de\/wp-json\/wp\/v2\/media?parent=731"}],"curies":[{"name":"wp","href":"https:\/\/api.w.org\/{rel}","templated":true}]}}