{"id":561,"date":"2021-12-15T16:03:44","date_gmt":"2021-12-15T15:03:44","guid":{"rendered":"https:\/\/villa-canneto.it\/?page_id=561"},"modified":"2026-03-20T14:14:54","modified_gmt":"2026-03-20T13:14:54","slug":"wie-komme-ich-nach-sirmione","status":"publish","type":"page","link":"https:\/\/villa-canneto.it\/de\/wie-komme-ich-nach-sirmione\/","title":{"rendered":"Wie kommt man nach Sirmione"},"content":{"rendered":"\n<p>Die Apartments Villa Canneto befinden sich nur wenige Schritte von der Burg von Sirmione mit ihrem historischen Zentrum entfernt, das vollst\u00e4ndig f\u00fcr Fu\u00dfg\u00e4nger ausgelegt ist. Die Apartments sind ohne Genehmigung mit dem Auto leicht zu erreichen und vor Ort finden Sie einen bequemen privaten und eingez\u00e4unten Parkplatz.<\/p>\n\n\n\n<p>Wie kommt man nach Sirmione<\/p>\n\n\n\n<p>GPS: 45.4845848226333, 10.609661405312638<\/p>\n\n\n\n<p>Adresse: via Prise 2 (im Navigator-Set : via XXV Aprile 13- 25019 Sirmione (BS)<\/p>\n\n\n\n<figure class=\"wp-block-gallery has-nested-images columns-default is-cropped wp-block-gallery-1 is-layout-flex wp-block-gallery-is-layout-flex\">\n<figure class=\"wp-block-image size-large\"><img loading=\"lazy\" decoding=\"async\" width=\"1024\" height=\"518\" data-id=\"411\" src=\"https:\/\/villa-canneto.it\/wp-content\/uploads\/2022\/09\/mappa-2aR-1024x518.jpg\" alt=\"\" class=\"wp-image-411\" srcset=\"https:\/\/villa-canneto.it\/wp-content\/uploads\/2022\/09\/mappa-2aR-1024x518.jpg 1024w, https:\/\/villa-canneto.it\/wp-content\/uploads\/2022\/09\/mappa-2aR-800x404.jpg 800w, https:\/\/villa-canneto.it\/wp-content\/uploads\/2022\/09\/mappa-2aR-768x388.jpg 768w, https:\/\/villa-canneto.it\/wp-content\/uploads\/2022\/09\/mappa-2aR.jpg 1171w\" sizes=\"auto, (max-width: 1024px) 100vw, 1024px\" \/><\/figure>\n\n\n\n<figure class=\"wp-block-image size-large\"><img loading=\"lazy\" decoding=\"async\" width=\"1024\" height=\"394\" data-id=\"396\" src=\"https:\/\/villa-canneto.it\/wp-content\/uploads\/2022\/09\/mappa-4R-1024x394.jpg\" alt=\"\" class=\"wp-image-396\" srcset=\"https:\/\/villa-canneto.it\/wp-content\/uploads\/2022\/09\/mappa-4R-1024x394.jpg 1024w, https:\/\/villa-canneto.it\/wp-content\/uploads\/2022\/09\/mappa-4R-800x308.jpg 800w, https:\/\/villa-canneto.it\/wp-content\/uploads\/2022\/09\/mappa-4R-768x296.jpg 768w, https:\/\/villa-canneto.it\/wp-content\/uploads\/2022\/09\/mappa-4R.jpg 1340w\" sizes=\"auto, (max-width: 1024px) 100vw, 1024px\" \/><\/figure>\n\n\n\n<figure class=\"wp-block-image size-large\"><img loading=\"lazy\" decoding=\"async\" width=\"1024\" height=\"642\" data-id=\"406\" src=\"https:\/\/villa-canneto.it\/wp-content\/uploads\/2022\/09\/mappa-6R-1024x642.jpg\" alt=\"\" class=\"wp-image-406\" srcset=\"https:\/\/villa-canneto.it\/wp-content\/uploads\/2022\/09\/mappa-6R-1024x642.jpg 1024w, https:\/\/villa-canneto.it\/wp-content\/uploads\/2022\/09\/mappa-6R-800x502.jpg 800w, https:\/\/villa-canneto.it\/wp-content\/uploads\/2022\/09\/mappa-6R-768x482.jpg 768w, https:\/\/villa-canneto.it\/wp-content\/uploads\/2022\/09\/mappa-6R-1536x963.jpg 1536w, https:\/\/villa-canneto.it\/wp-content\/uploads\/2022\/09\/mappa-6R.jpg 1574w\" sizes=\"auto, (max-width: 1024px) 100vw, 1024px\" \/><\/figure>\n<\/figure>\n\n\n\n<p>BUS<\/p>\n\n\n\n<p>Die dem Hotel am n\u00e4chsten gelegene Bushaltestelle ist &#8222;Villa Trieste&#8220; in 50 Metern Entfernung, die etwas weiter entfernte ist &#8222;Sirmione Centro&#8220; in 500 Metern Entfernung. Diese Linien halten dort:<br><strong>Die blaue Linie:<\/strong> Sie verbindet Sirmione mit den St\u00e4dten, die blaue Linie Verona-Brescia-Verona, die Frequenz ist fast st\u00fcndlich in der Saison, au\u00dferhalb der Saison sind die Zeiten reduziert.<br><strong>Gelbe Linie:<\/strong> F\u00fcr Fahrten innerhalb der Gemeinde wird sie verwendet, um sich zwischen dem Zentrum von Sirmione und den Weilern Colombare, Lugana und Rovizza zu bewegen.<\/p>\n\n\n\n<p><strong>Link:<\/strong><a href=\"http:\/\/www.arriva.it\/web\/guest\/results\/-\/search?q=orari+brescia+verona&amp;redirecting=true&amp;freesearch=true\" target=\"_blank\" rel=\"noreferrer noopener\"> Orari linea blu Verona-Brescia-Verona<\/a><\/p>\n\n\n\n<p>ZUG<\/p>\n\n\n\n<p>Auf der Linie Mailand-Venedig ist die n\u00e4chste Haltestelle der Bahnhof Desenzano oder der Bahnhof Peschiera, beide etwa 8 km entfernt und mit dem Bus (blaue Linie Verona-Brescia-Verona) oder mit dem Taxi erreichbar (Kosten ca. 20 \u20ac*)<\/p>\n\n\n\n<p><strong>Link: <\/strong><a href=\"http:\/\/www.trenitalia.com\/trenitalia.html\" target=\"_blank\" rel=\"noreferrer noopener\">sito di Trenitalia<\/a><\/p>\n\n\n\n<p>FLUGH\u00c4FEN<\/p>\n\n\n\n<p>Milano Malpensa: Nehmen Sie den Aerobus vom Flughafen zum Mail\u00e4nder Hauptbahnhof, nehmen Sie den Zug zum Bahnhof Desenzano del Garda und dann k\u00f6nnen Sie mit dem Bus (siehe Anweisungen &#8222;Bus&#8220;) oder dem Taxi nach Sirmione gelangen.<\/p>\n\n\n\n<p>Bergamo &#8211; Orio al Serio &#8211; Caravaggio: Nehmen Sie den Flughafenbus zum Bahnhof Bergamo, nehmen Sie den Zug (siehe &#8222;Zug&#8220;-Anweisungen) nach Desenzano del Garda, dann k\u00f6nnen Sie mit dem Bus (siehe &#8222;Bus&#8220;-Anweisungen) oder dem Taxi nach Sirmione gelangen.<\/p>\n\n\n\n<p>Montichiari &#8211; G. D&#8217;Annunzio: Nehmen Sie das Taxi bis zur Bushaltestelle vor dem Messezentrum Garda in Montichiari (\u00fcber Mantova), nehmen Sie den Bus bis zur Haltestelle Desenzano Bahnhof, nehmen Sie die blaue Buslinie nach Sirmione; oder ein Taxi nehmen.<\/p>\n\n\n\n<p><strong>Link:<\/strong><a href=\"http:\/\/www.autostradale.it\/airports\/1\/3\/?lang=1\" target=\"_blank\" rel=\"noreferrer noopener\">Aerobus (Malpensa-Stazione Milano Centrale)<\/a>&nbsp;\u2013&nbsp;<a href=\"http:\/\/www.atb.bergamo.it\/ITA\/Default.aspx?SEZ=2&amp;PAG=126&amp;NOT=257\" target=\"_blank\" rel=\"noreferrer noopener\">Airport Bus (Caravaggio-Stazione di Bergamo)<\/a>&nbsp;\u2013&nbsp;<a href=\"http:\/\/www.arriva.it\/web\/guest\/results\/-\/search?q=montichiari+sirmione&amp;redirecting=true&amp;freesearch=false\" target=\"_blank\" rel=\"noreferrer noopener\">Linea Bus Montichiari-Desenzano-Sirmione<\/a><\/p>\n\n\n\n<p>TAXI <\/p>\n\n\n\n<p>In Sirmione gibt es zwei Taxist\u00e4nde: vor dem Schloss von Sirmione oder in Colombare di Sirmione vor dem Hauptsitz der Banco Popolare di Milano.<\/p>\n\n\n\n<p>\u2013 Sirmione-Desenzano oder Sirmione-Peschiera: ca. 20 \u20ac<br>\u2013 Flughafen Sirmione-Verona Villafranca: ca. 65 \u20ac<br>\u2013 Flughafen Sirmione-Bergamo Orio al Serio: ca. 150 \u20ac<br>\u2013 Flughafen Sirmione-Mailand Malpensa: ca. 270 \u20ac<\/p>\n","protected":false},"excerpt":{"rendered":"<p>Die Apartments Villa Canneto befinden sich nur wenige Schritte von der Burg [&hellip;]<\/p>\n","protected":false},"author":2,"featured_media":1196,"parent":0,"menu_order":80,"comment_status":"closed","ping_status":"closed","template":"template-contatti.php","meta":{"_acf_changed":false,"footnotes":""},"class_list":["post-561","page","type-page","status-publish","has-post-thumbnail","hentry"],"acf":[],"yoast_head":"<!-- This site is optimized with the Yoast SEO plugin v27.5 - https:\/\/yoast.com\/product\/yoast-seo-wordpress\/ -->\n<title>Wie kommt man nach Sirmione - Villa Canneto<\/title>\n<meta name=\"description\" content=\"Wie kommt man nach Sirmione - mit dem Zug, Flugzeug, Auto, detaillierte Anweisungen mit Links zu den offiziellen Transportseiten\" \/>\n<meta name=\"robots\" content=\"index, follow, max-snippet:-1, max-image-preview:large, max-video-preview:-1\" \/>\n<link rel=\"canonical\" href=\"https:\/\/thisisbellezza.site\/de\/wie-komme-ich-nach-sirmione\/\" \/>\n<meta property=\"og:locale\" content=\"de_DE\" \/>\n<meta property=\"og:type\" content=\"article\" \/>\n<meta property=\"og:title\" content=\"Wie kommt man nach Sirmione - Villa Canneto\" \/>\n<meta property=\"og:description\" content=\"Wie kommt man nach Sirmione - mit dem Zug, Flugzeug, Auto, detaillierte Anweisungen mit Links zu den offiziellen Transportseiten\" \/>\n<meta property=\"og:url\" content=\"https:\/\/thisisbellezza.site\/de\/wie-komme-ich-nach-sirmione\/\" \/>\n<meta property=\"og:site_name\" content=\"Villa Canneto\" \/>\n<meta property=\"article:modified_time\" content=\"2026-03-20T13:14:54+00:00\" \/>\n<meta property=\"og:image\" content=\"https:\/\/thisisbellezza.site\/wp-content\/uploads\/2024\/05\/villa-canneto--scaled.jpg\" \/>\n\t<meta property=\"og:image:width\" content=\"2560\" \/>\n\t<meta property=\"og:image:height\" content=\"1920\" \/>\n\t<meta property=\"og:image:type\" content=\"image\/jpeg\" \/>\n<meta name=\"twitter:card\" content=\"summary_large_image\" \/>\n<meta name=\"twitter:label1\" content=\"Gesch\u00e4tzte Lesezeit\" \/>\n\t<meta name=\"twitter:data1\" content=\"3\u00a0Minuten\" \/>\n<script type=\"application\/ld+json\" class=\"yoast-schema-graph\">{\"@context\":\"https:\\\/\\\/schema.org\",\"@graph\":[{\"@type\":\"WebPage\",\"@id\":\"https:\\\/\\\/thisisbellezza.site\\\/de\\\/wie-komme-ich-nach-sirmione\\\/\",\"url\":\"https:\\\/\\\/thisisbellezza.site\\\/de\\\/wie-komme-ich-nach-sirmione\\\/\",\"name\":\"Wie kommt man nach Sirmione - Villa Canneto\",\"isPartOf\":{\"@id\":\"https:\\\/\\\/villa-canneto.it\\\/#website\"},\"primaryImageOfPage\":{\"@id\":\"https:\\\/\\\/thisisbellezza.site\\\/de\\\/wie-komme-ich-nach-sirmione\\\/#primaryimage\"},\"image\":{\"@id\":\"https:\\\/\\\/thisisbellezza.site\\\/de\\\/wie-komme-ich-nach-sirmione\\\/#primaryimage\"},\"thumbnailUrl\":\"https:\\\/\\\/villa-canneto.it\\\/wp-content\\\/uploads\\\/2024\\\/05\\\/villa-canneto--scaled.jpg\",\"datePublished\":\"2021-12-15T15:03:44+00:00\",\"dateModified\":\"2026-03-20T13:14:54+00:00\",\"description\":\"Wie kommt man nach Sirmione - mit dem Zug, Flugzeug, Auto, detaillierte Anweisungen mit Links zu den offiziellen Transportseiten\",\"breadcrumb\":{\"@id\":\"https:\\\/\\\/thisisbellezza.site\\\/de\\\/wie-komme-ich-nach-sirmione\\\/#breadcrumb\"},\"inLanguage\":\"de\",\"potentialAction\":[{\"@type\":\"ReadAction\",\"target\":[\"https:\\\/\\\/thisisbellezza.site\\\/de\\\/wie-komme-ich-nach-sirmione\\\/\"]}]},{\"@type\":\"ImageObject\",\"inLanguage\":\"de\",\"@id\":\"https:\\\/\\\/thisisbellezza.site\\\/de\\\/wie-komme-ich-nach-sirmione\\\/#primaryimage\",\"url\":\"https:\\\/\\\/villa-canneto.it\\\/wp-content\\\/uploads\\\/2024\\\/05\\\/villa-canneto--scaled.jpg\",\"contentUrl\":\"https:\\\/\\\/villa-canneto.it\\\/wp-content\\\/uploads\\\/2024\\\/05\\\/villa-canneto--scaled.jpg\",\"width\":2560,\"height\":1920,\"caption\":\"default\"},{\"@type\":\"BreadcrumbList\",\"@id\":\"https:\\\/\\\/thisisbellezza.site\\\/de\\\/wie-komme-ich-nach-sirmione\\\/#breadcrumb\",\"itemListElement\":[{\"@type\":\"ListItem\",\"position\":1,\"name\":\"Home\",\"item\":\"https:\\\/\\\/thisisbellezza.site\\\/de\\\/\"},{\"@type\":\"ListItem\",\"position\":2,\"name\":\"Wie kommt man nach Sirmione\"}]},{\"@type\":\"WebSite\",\"@id\":\"https:\\\/\\\/villa-canneto.it\\\/#website\",\"url\":\"https:\\\/\\\/villa-canneto.it\\\/\",\"name\":\"Villa Canneto\",\"description\":\"Un nuovo sito targato WordPress\",\"potentialAction\":[{\"@type\":\"SearchAction\",\"target\":{\"@type\":\"EntryPoint\",\"urlTemplate\":\"https:\\\/\\\/villa-canneto.it\\\/?s={search_term_string}\"},\"query-input\":{\"@type\":\"PropertyValueSpecification\",\"valueRequired\":true,\"valueName\":\"search_term_string\"}}],\"inLanguage\":\"de\"}]}<\/script>\n<!-- \/ Yoast SEO plugin. -->","yoast_head_json":{"title":"Wie kommt man nach Sirmione - Villa Canneto","description":"Wie kommt man nach Sirmione - mit dem Zug, Flugzeug, Auto, detaillierte Anweisungen mit Links zu den offiziellen Transportseiten","robots":{"index":"index","follow":"follow","max-snippet":"max-snippet:-1","max-image-preview":"max-image-preview:large","max-video-preview":"max-video-preview:-1"},"canonical":"https:\/\/thisisbellezza.site\/de\/wie-komme-ich-nach-sirmione\/","og_locale":"de_DE","og_type":"article","og_title":"Wie kommt man nach Sirmione - Villa Canneto","og_description":"Wie kommt man nach Sirmione - mit dem Zug, Flugzeug, Auto, detaillierte Anweisungen mit Links zu den offiziellen Transportseiten","og_url":"https:\/\/thisisbellezza.site\/de\/wie-komme-ich-nach-sirmione\/","og_site_name":"Villa Canneto","article_modified_time":"2026-03-20T13:14:54+00:00","og_image":[{"width":2560,"height":1920,"url":"https:\/\/thisisbellezza.site\/wp-content\/uploads\/2024\/05\/villa-canneto--scaled.jpg","type":"image\/jpeg"}],"twitter_card":"summary_large_image","twitter_misc":{"Gesch\u00e4tzte Lesezeit":"3\u00a0Minuten"},"schema":{"@context":"https:\/\/schema.org","@graph":[{"@type":"WebPage","@id":"https:\/\/thisisbellezza.site\/de\/wie-komme-ich-nach-sirmione\/","url":"https:\/\/thisisbellezza.site\/de\/wie-komme-ich-nach-sirmione\/","name":"Wie kommt man nach Sirmione - Villa Canneto","isPartOf":{"@id":"https:\/\/villa-canneto.it\/#website"},"primaryImageOfPage":{"@id":"https:\/\/thisisbellezza.site\/de\/wie-komme-ich-nach-sirmione\/#primaryimage"},"image":{"@id":"https:\/\/thisisbellezza.site\/de\/wie-komme-ich-nach-sirmione\/#primaryimage"},"thumbnailUrl":"https:\/\/villa-canneto.it\/wp-content\/uploads\/2024\/05\/villa-canneto--scaled.jpg","datePublished":"2021-12-15T15:03:44+00:00","dateModified":"2026-03-20T13:14:54+00:00","description":"Wie kommt man nach Sirmione - mit dem Zug, Flugzeug, Auto, detaillierte Anweisungen mit Links zu den offiziellen Transportseiten","breadcrumb":{"@id":"https:\/\/thisisbellezza.site\/de\/wie-komme-ich-nach-sirmione\/#breadcrumb"},"inLanguage":"de","potentialAction":[{"@type":"ReadAction","target":["https:\/\/thisisbellezza.site\/de\/wie-komme-ich-nach-sirmione\/"]}]},{"@type":"ImageObject","inLanguage":"de","@id":"https:\/\/thisisbellezza.site\/de\/wie-komme-ich-nach-sirmione\/#primaryimage","url":"https:\/\/villa-canneto.it\/wp-content\/uploads\/2024\/05\/villa-canneto--scaled.jpg","contentUrl":"https:\/\/villa-canneto.it\/wp-content\/uploads\/2024\/05\/villa-canneto--scaled.jpg","width":2560,"height":1920,"caption":"default"},{"@type":"BreadcrumbList","@id":"https:\/\/thisisbellezza.site\/de\/wie-komme-ich-nach-sirmione\/#breadcrumb","itemListElement":[{"@type":"ListItem","position":1,"name":"Home","item":"https:\/\/thisisbellezza.site\/de\/"},{"@type":"ListItem","position":2,"name":"Wie kommt man nach Sirmione"}]},{"@type":"WebSite","@id":"https:\/\/villa-canneto.it\/#website","url":"https:\/\/villa-canneto.it\/","name":"Villa Canneto","description":"Un nuovo sito targato WordPress","potentialAction":[{"@type":"SearchAction","target":{"@type":"EntryPoint","urlTemplate":"https:\/\/villa-canneto.it\/?s={search_term_string}"},"query-input":{"@type":"PropertyValueSpecification","valueRequired":true,"valueName":"search_term_string"}}],"inLanguage":"de"}]}},"_links":{"self":[{"href":"https:\/\/villa-canneto.it\/de\/wp-json\/wp\/v2\/pages\/561","targetHints":{"allow":["GET"]}}],"collection":[{"href":"https:\/\/villa-canneto.it\/de\/wp-json\/wp\/v2\/pages"}],"about":[{"href":"https:\/\/villa-canneto.it\/de\/wp-json\/wp\/v2\/types\/page"}],"author":[{"embeddable":true,"href":"https:\/\/villa-canneto.it\/de\/wp-json\/wp\/v2\/users\/2"}],"replies":[{"embeddable":true,"href":"https:\/\/villa-canneto.it\/de\/wp-json\/wp\/v2\/comments?post=561"}],"version-history":[{"count":0,"href":"https:\/\/villa-canneto.it\/de\/wp-json\/wp\/v2\/pages\/561\/revisions"}],"wp:featuredmedia":[{"embeddable":true,"href":"https:\/\/villa-canneto.it\/de\/wp-json\/wp\/v2\/media\/1196"}],"wp:attachment":[{"href":"https:\/\/villa-canneto.it\/de\/wp-json\/wp\/v2\/media?parent=561"}],"curies":[{"name":"wp","href":"https:\/\/api.w.org\/{rel}","templated":true}]}}