{"id":551,"date":"2022-01-20T15:57:30","date_gmt":"2022-01-20T14:57:30","guid":{"rendered":"https:\/\/villa-canneto.it\/?page_id=551"},"modified":"2026-03-20T14:04:48","modified_gmt":"2026-03-20T13:04:48","slug":"apartment-gardasee-2","status":"publish","type":"page","link":"https:\/\/villa-canneto.it\/de\/","title":{"rendered":"Apartment Gardasee Sirmione"},"content":{"rendered":"    <div id=\"carousel-home\">\n        <div class=\"owl-carousel owl-theme kenburns\">\n\t\t            <div class=\"owl-slide background-image cover\" data-background=\"url('https:\/\/villa-canneto.it\/wp-content\/uploads\/2024\/05\/villa-canneto--scaled.jpg')\">\n                <div class=\"opacity-mask d-flex align-items-center\" data-opacity-mask=\"rgba(0, 0, 0, 0.5)\">\n                    <div class=\"container\">\n                        <div class=\"row justify-content-center justify-content-md-start\">\n                            <div class=\"col-lg-8 static\">\n                                <div class=\"slide-text white\">\n                                    <small class=\"owl-slide-animated owl-slide-title\">Villa Canneto<\/small>                                    <h2 class=\"owl-slide-animated owl-slide-title-2\">Villa Canneto &#8211; Apartment Gardasee Sirmione<\/h2>                                    <div class=\"owl-slide-animated owl-slide-title-3\">\n\t                                \t                                    <a class=\"btn_1 big mt-3\" href=\"https:\/\/reservations.verticalbooking.com\/premium\/index.html?id_albergo=25854&#038;dc=9439&#038;id_stile=19787&#038;lingua_int=deu\">Buchen Sie jetzt<\/a>\n\t                               \t                               \t                               \t\t<a target=\"_blank\" class=\"btn_1 big colored mt-3\" href=\"https:\/\/wa.me\/39030919140?text=Guten%20Tag%2C%20k%C3%B6nnten%20Sie%20mich%20zur%C3%BCckrufen%3F%20Danke\">Call Back<\/a>\n\t\t\t\t\t\t\t\t   \t\t                                <\/div>\n                                <\/div>\n                            <\/div>\n                        <\/div>\n                    <\/div>\n                <\/div>\n            <\/div>\n                \n        <\/div>\n    <\/div>\n\n\n    <div>\n        <div class=\"container margin_120_95\" id=\"first_section\">\n            <div class=\"row justify-content-between flex-lg-row-reverse align-items-center\">\n\t           \n                <div class=\"col-lg-12\">\n                    <div class=\"intro\">\n                        <div class=\"title\">\n                            <small>Apartment Gardasee Sirmione<\/small>                            <h2>Villa Canneto &#8211; Gardasee<\/h2>                        <\/div>\n                        <p class=\"lead\">Apartments mit Seeblick, ganzj\u00e4hrig ge\u00f6ffnet; nur wenige Schritte vom Schloss und dem historischen Zentrum mit der Fu\u00dfg\u00e4ngerzone voller Gesch\u00e4fte, Bars und Restaurants entfernt.<\/p>                        <p>Villa Canneto ist die <a href=\"https:\/\/www.smeraldosirmione.com\/de\/\" target=\"_blank\" rel=\"noreferrer noopener\">Hotel Smeraldo<\/a> Dependance, ein neu erbautes Geb\u00e4ude mit Blick auf den See, mit privatem Parkplatz und einem privaten, ausgestatteten Garten mit direktem Blick auf den See; Apartments mit spektakul\u00e4rem Panoramablick.<\/p>\n<p>Die Apartment Gardasee Sirmione der Villa Canneto sind ideal f\u00fcr einen Urlaub in v\u00f6lliger Autonomie, in der N\u00e4he des historischen Zentrums, aber in einem Gebiet mit freiem Zugang mit dem Auto, ohne Genehmigungen oder zeitliche Einschr\u00e4nkungen.<\/p>\n<p>Zu den <a href=\"https:\/\/villa-canneto.it\/de\/dienstleistungen\/\">Dienstleistungen<\/a> geh\u00f6rt die M\u00f6glichkeit, im <a href=\"https:\/\/ristorantecanneto.it\/\" target=\"_blank\" rel=\"noreferrer noopener\">Restaurant Canneto<\/a> vor den Apartments im Freien mit Blick auf den See zu speisen.<\/p>\n                                                <p>\n\t                       <a target=\"_self\" href=\"https:\/\/reservations.verticalbooking.com\/premium\/index.html?id_albergo=25854&#038;dc=9439&#038;id_stile=19787&#038;lingua_int=deu\" class=\"btn_4 learn-more\">\n                                <span class=\"circle\">\n                                    <span class=\"icon arrow\"><\/span>\n                                <\/span>\n                                <span class=\"button-text\">Preise ansehen buchen<\/span>\n                            <\/a> \n                        <\/p>\n                                            <\/div>\n                <\/div>            \n                        <\/div>\n        <\/div>\n    <\/div>\n    \n\n\n        <div class=\"bg_white\">\n            <div class=\"container margin_120_95\">\n                <div class=\"title mb-3\">\n                    <small data-cue=\"slideInUp\">ENTDECKEN SIE UNSERE ANGEBOTE<\/small>                    <h2 data-cue=\"slideInUp\" data-delay=\"200\">Angebote<\/h2>                <\/div>\n                <div class=\"row justify-content-center home items-row\">\n\t                \n                    <div class=\"item col-xl-4 col-lg-6\">\n                        <a href=\"https:\/\/villa-canneto.it\/de\/angebote\/sommer-in-sirmione\/\" class=\"box_contents\" data-cue=\"slideInUp\" data-delay=\"300\">\n\t\t\t\t\t         \t\t\t\t\t            <figure><img loading=\"lazy\" decoding=\"async\" width=\"1024\" height=\"768\" src=\"https:\/\/villa-canneto.it\/wp-content\/uploads\/2024\/01\/estate-sul-garda-1024X768.jpg\" class=\"img-fluid wp-post-image\" alt=\"\" srcset=\"https:\/\/villa-canneto.it\/wp-content\/uploads\/2024\/01\/estate-sul-garda-1024X768.jpg 1024w, https:\/\/villa-canneto.it\/wp-content\/uploads\/2024\/01\/estate-sul-garda-1024X768-800x600.jpg 800w, https:\/\/villa-canneto.it\/wp-content\/uploads\/2024\/01\/estate-sul-garda-1024X768-768x576.jpg 768w\" sizes=\"auto, (max-width: 1024px) 100vw, 1024px\" \/><\/figure>\n\t\t\t\t\t                                   \n                            <div class=\"wrapper\">\n                                <small>Angebote Ferienwohnung Gardasee mit seeblick in Sirmione<span><\/span><\/small>\n                                <h2 class=\"mb-0\">Sommer in Sirmione<\/h2>\n                                <em>Lesen<\/em>\n                            <\/div>\n                        <\/a>\n                    <\/div>\n\t\t\t\t    \n                    <div class=\"item col-xl-4 col-lg-6\">\n                        <a href=\"https:\/\/villa-canneto.it\/de\/angebote\/romantischer-aufenthalt-am-gardasee\/\" class=\"box_contents\" data-cue=\"slideInUp\" data-delay=\"300\">\n\t\t\t\t\t         \t\t\t\t\t            <figure><img loading=\"lazy\" decoding=\"async\" width=\"800\" height=\"350\" src=\"https:\/\/villa-canneto.it\/wp-content\/uploads\/2023\/02\/romantico-4-800x350-1.jpg\" class=\"img-fluid wp-post-image\" alt=\"\" srcset=\"https:\/\/villa-canneto.it\/wp-content\/uploads\/2023\/02\/romantico-4-800x350-1.jpg 800w, https:\/\/villa-canneto.it\/wp-content\/uploads\/2023\/02\/romantico-4-800x350-1-768x336.jpg 768w\" sizes=\"auto, (max-width: 800px) 100vw, 800px\" \/><\/figure>\n\t\t\t\t\t                                   \n                            <div class=\"wrapper\">\n                                <small>Angebote Ferienwohnung Gardasee mit seeblick in Sirmione<span><\/span><\/small>\n                                <h2 class=\"mb-0\">Romantischer Aufenthalt am Gardasee<\/h2>\n                                <em>Lesen<\/em>\n                            <\/div>\n                        <\/a>\n                    <\/div>\n\t\t\t\t    \n                    <div class=\"item col-xl-4 col-lg-6\">\n                        <a href=\"https:\/\/villa-canneto.it\/de\/angebote\/ferienaufenthalt-ueber-65\/\" class=\"box_contents\" data-cue=\"slideInUp\" data-delay=\"300\">\n\t\t\t\t\t         \t\t\t\t\t            <figure><img loading=\"lazy\" decoding=\"async\" width=\"700\" height=\"480\" src=\"https:\/\/villa-canneto.it\/wp-content\/uploads\/2021\/12\/over-65-vacanze-700x480-1.jpg\" class=\"img-fluid wp-post-image\" alt=\"\" \/><\/figure>\n\t\t\t\t\t                                   \n                            <div class=\"wrapper\">\n                                <small>Angebote Ferienwohnung Gardasee mit seeblick in Sirmione<span><\/span><\/small>\n                                <h2 class=\"mb-0\">Ferienaufenthalt \u00fcber 65<\/h2>\n                                <em>Lesen<\/em>\n                            <\/div>\n                        <\/a>\n                    <\/div>\n\t\t\t\t\t\t\t\t                <\/div>\n                                <p class=\"text-end\"><a href=\"https:\/\/villa-canneto.it\/de\/.\/angebote\/\" class=\"btn_1 outline mt-2\" data-cue=\"slideInUp\" data-delay=\"600\">Entdecken Sie die Angebote<\/a><\/p>\n                            <\/div>\n        <\/div>\n\t\t\n\n    <div class=\"container margin_120_95\">\n        <div class=\"title mb-4\">\n            <small data-cue=\"slideInUp\">Verf\u00fcgbarkeit und Empfang<\/small>            <h2 data-cue=\"slideInUp\"  data-delay=\"200\">Verbundene Einrichtungen<\/h2>        <\/div>\n        <div data-cues=\"zoomIn\" data-delay=\"200\">\n            <div class=\"owl-carousel owl-theme carousel_item_centered_rooms rounded-img\">\n\t            \n                <div class=\"item\">\n                    <a _self href=\"https:\/\/hotellapaul.it\/\" class=\"box_cat_rooms\">\n                        <figure>\n                            <div class=\"background-image\" data-background=\"url(https:\/\/villa-canneto.it\/wp-content\/uploads\/2026\/03\/lapaul.webp)\"><\/div>\n                            <div class=\"info\">\n                                <h3>Hotel La Pa\u00fcl<\/h3>\n                                <span>Visita<\/span>\n                            <\/div>\n                        <\/figure>\n                    <\/a>\n                <\/div>\n\t\t\t    \n                <div class=\"item\">\n                    <a _self href=\"https:\/\/www.smeraldosirmione.com\/\" class=\"box_cat_rooms\">\n                        <figure>\n                            <div class=\"background-image\" data-background=\"url(https:\/\/villa-canneto.it\/wp-content\/uploads\/2026\/03\/hotel-smeraldo.webp)\"><\/div>\n                            <div class=\"info\">\n                                <h3>Hotel Smeraldo<\/h3>\n                                <span>Visita<\/span>\n                            <\/div>\n                        <\/figure>\n                    <\/a>\n                <\/div>\n\t\t\t    \n                <div class=\"item\">\n                    <a _self href=\"https:\/\/ristorantecanneto.it\/\" class=\"box_cat_rooms\">\n                        <figure>\n                            <div class=\"background-image\" data-background=\"url(https:\/\/villa-canneto.it\/wp-content\/uploads\/2026\/03\/villa-canneto.webp)\"><\/div>\n                            <div class=\"info\">\n                                <h3>Ristorante il Canneto<\/h3>\n                                <span>Visita<\/span>\n                            <\/div>\n                        <\/figure>\n                    <\/a>\n                <\/div>\n\t\t\t            <\/div>\n        <\/div>\n    <\/div>\n\n\n        <div class=\"bg_white\">\n            <div class=\"container margin_120_95\">\n                <div class=\"title mb-3\">\n                    <small data-cue=\"slideInUp\">ALLE VERANSTALTUNGEN IN SIRMIONE<\/small>                    <h2 data-cue=\"slideInUp\" data-delay=\"200\">Veranstaltungen<\/h2>                <\/div>\n                <div class=\"row justify-content-center home items-row\">\n\t                \n                    <div class=\"item col-xl-4 col-lg-6\">\n                        <a href=\"https:\/\/villa-canneto.it\/de\/news-und-veranstaltungen\/vinitaly-202\/\" class=\"box_contents\" data-cue=\"slideInUp\" data-delay=\"300\">\n\t\t\t\t\t         \t\t\t\t\t            <figure><img loading=\"lazy\" decoding=\"async\" width=\"1024\" height=\"768\" src=\"https:\/\/villa-canneto.it\/wp-content\/uploads\/2023\/03\/vinitaly-dove-dormire.jpg\" class=\"img-fluid wp-post-image\" alt=\"Vinitaly dove dormire\" srcset=\"https:\/\/villa-canneto.it\/wp-content\/uploads\/2023\/03\/vinitaly-dove-dormire.jpg 1024w, https:\/\/villa-canneto.it\/wp-content\/uploads\/2023\/03\/vinitaly-dove-dormire-800x600.jpg 800w, https:\/\/villa-canneto.it\/wp-content\/uploads\/2023\/03\/vinitaly-dove-dormire-768x576.jpg 768w\" sizes=\"auto, (max-width: 1024px) 100vw, 1024px\" \/><\/figure>\n\t\t\t\t\t                                   \n                            <div class=\"wrapper\">\n                                <small>News und Veranstaltungen<span><\/span><\/small>\n                                <h2 class=\"mb-0\">Vinitaly Taubenschlafzimmer<\/h2>\n                                <em>Lesen<\/em>\n                            <\/div>\n                        <\/a>\n                    <\/div>\n\t\t\t\t    \n                    <div class=\"item col-xl-4 col-lg-6\">\n                        <a href=\"https:\/\/villa-canneto.it\/de\/news-und-veranstaltungen\/1000-miglia-sirmione-die-passage-des-schoensten-rennens-der-welt-am-gardasee\/\" class=\"box_contents\" data-cue=\"slideInUp\" data-delay=\"300\">\n\t\t\t\t\t         \t\t\t\t\t            <figure><img loading=\"lazy\" decoding=\"async\" width=\"1024\" height=\"595\" src=\"https:\/\/villa-canneto.it\/wp-content\/uploads\/2023\/02\/1000-miglia-logo-1024x595.jpg\" class=\"img-fluid wp-post-image\" alt=\"\" srcset=\"https:\/\/villa-canneto.it\/wp-content\/uploads\/2023\/02\/1000-miglia-logo-1024x595.jpg 1024w, https:\/\/villa-canneto.it\/wp-content\/uploads\/2023\/02\/1000-miglia-logo-800x465.jpg 800w, https:\/\/villa-canneto.it\/wp-content\/uploads\/2023\/02\/1000-miglia-logo-768x446.jpg 768w, https:\/\/villa-canneto.it\/wp-content\/uploads\/2023\/02\/1000-miglia-logo-1536x893.jpg 1536w, https:\/\/villa-canneto.it\/wp-content\/uploads\/2023\/02\/1000-miglia-logo.jpg 1624w\" sizes=\"auto, (max-width: 1024px) 100vw, 1024px\" \/><\/figure>\n\t\t\t\t\t                                   \n                            <div class=\"wrapper\">\n                                <small>News und Veranstaltungen<span><\/span><\/small>\n                                <h2 class=\"mb-0\">1000 Miglia Sirmione<\/h2>\n                                <em>Lesen<\/em>\n                            <\/div>\n                        <\/a>\n                    <\/div>\n\t\t\t\t\t\t\t\t                <\/div>\n                                <p class=\"text-end\"><a href=\"https:\/\/villa-canneto.it\/de\/.\/news-und-veranstaltungen\/\" class=\"btn_1 outline mt-2\" data-cue=\"slideInUp\" data-delay=\"600\">Entdecken Sie die Veranstaltungen<\/a><\/p>\n                            <\/div>\n        <\/div>\n\t\t","protected":false},"excerpt":{"rendered":"","protected":false},"author":2,"featured_media":0,"parent":0,"menu_order":1,"comment_status":"closed","ping_status":"closed","template":"","meta":{"_acf_changed":false,"footnotes":""},"class_list":["post-551","page","type-page","status-publish","hentry"],"acf":[],"yoast_head":"<!-- This site is optimized with the Yoast SEO plugin v27.3 - https:\/\/yoast.com\/product\/yoast-seo-wordpress\/ -->\n<title>Apartment Gardasee Sirmione | Villa Canneto Ferienwohnungen<\/title>\n<meta name=\"description\" content=\"Apartment Gardasee Sirmione am See in der N\u00e4he des Schlosses mit Parkplatz, in einem Gebiet mit freiem Zugang f\u00fcr Autos\" \/>\n<meta name=\"robots\" content=\"index, follow, max-snippet:-1, max-image-preview:large, max-video-preview:-1\" \/>\n<link rel=\"canonical\" href=\"https:\/\/thisisbellezza.site\/de\/\" \/>\n<meta property=\"og:locale\" content=\"de_DE\" \/>\n<meta property=\"og:type\" content=\"article\" \/>\n<meta property=\"og:title\" content=\"Apartment Gardasee Sirmione | Villa Canneto Ferienwohnungen\" \/>\n<meta property=\"og:description\" content=\"Apartment Gardasee Sirmione am See in der N\u00e4he des Schlosses mit Parkplatz, in einem Gebiet mit freiem Zugang f\u00fcr Autos\" \/>\n<meta property=\"og:url\" content=\"https:\/\/thisisbellezza.site\/de\/\" \/>\n<meta property=\"og:site_name\" content=\"Villa Canneto\" \/>\n<meta property=\"article:modified_time\" content=\"2026-03-20T13:04:48+00:00\" \/>\n<meta name=\"twitter:card\" content=\"summary_large_image\" \/>\n<script type=\"application\/ld+json\" class=\"yoast-schema-graph\">{\"@context\":\"https:\\\/\\\/schema.org\",\"@graph\":[{\"@type\":\"WebPage\",\"@id\":\"https:\\\/\\\/thisisbellezza.site\\\/de\\\/\",\"url\":\"https:\\\/\\\/thisisbellezza.site\\\/de\\\/\",\"name\":\"Apartment Gardasee Sirmione | Villa Canneto Ferienwohnungen\",\"isPartOf\":{\"@id\":\"https:\\\/\\\/villa-canneto.it\\\/#website\"},\"datePublished\":\"2022-01-20T14:57:30+00:00\",\"dateModified\":\"2026-03-20T13:04:48+00:00\",\"description\":\"Apartment Gardasee Sirmione am See in der N\u00e4he des Schlosses mit Parkplatz, in einem Gebiet mit freiem Zugang f\u00fcr Autos\",\"breadcrumb\":{\"@id\":\"https:\\\/\\\/thisisbellezza.site\\\/de\\\/#breadcrumb\"},\"inLanguage\":\"de\",\"potentialAction\":[{\"@type\":\"ReadAction\",\"target\":[\"https:\\\/\\\/thisisbellezza.site\\\/de\\\/\"]}]},{\"@type\":\"BreadcrumbList\",\"@id\":\"https:\\\/\\\/thisisbellezza.site\\\/de\\\/#breadcrumb\",\"itemListElement\":[{\"@type\":\"ListItem\",\"position\":1,\"name\":\"Home\",\"item\":\"https:\\\/\\\/thisisbellezza.site\\\/de\\\/\"},{\"@type\":\"ListItem\",\"position\":2,\"name\":\"Apartment Gardasee Sirmione\"}]},{\"@type\":\"WebSite\",\"@id\":\"https:\\\/\\\/villa-canneto.it\\\/#website\",\"url\":\"https:\\\/\\\/villa-canneto.it\\\/\",\"name\":\"Villa Canneto\",\"description\":\"Un nuovo sito targato WordPress\",\"potentialAction\":[{\"@type\":\"SearchAction\",\"target\":{\"@type\":\"EntryPoint\",\"urlTemplate\":\"https:\\\/\\\/villa-canneto.it\\\/?s={search_term_string}\"},\"query-input\":{\"@type\":\"PropertyValueSpecification\",\"valueRequired\":true,\"valueName\":\"search_term_string\"}}],\"inLanguage\":\"de\"}]}<\/script>\n<!-- \/ Yoast SEO plugin. -->","yoast_head_json":{"title":"Apartment Gardasee Sirmione | Villa Canneto Ferienwohnungen","description":"Apartment Gardasee Sirmione am See in der N\u00e4he des Schlosses mit Parkplatz, in einem Gebiet mit freiem Zugang f\u00fcr Autos","robots":{"index":"index","follow":"follow","max-snippet":"max-snippet:-1","max-image-preview":"max-image-preview:large","max-video-preview":"max-video-preview:-1"},"canonical":"https:\/\/thisisbellezza.site\/de\/","og_locale":"de_DE","og_type":"article","og_title":"Apartment Gardasee Sirmione | Villa Canneto Ferienwohnungen","og_description":"Apartment Gardasee Sirmione am See in der N\u00e4he des Schlosses mit Parkplatz, in einem Gebiet mit freiem Zugang f\u00fcr Autos","og_url":"https:\/\/thisisbellezza.site\/de\/","og_site_name":"Villa Canneto","article_modified_time":"2026-03-20T13:04:48+00:00","twitter_card":"summary_large_image","schema":{"@context":"https:\/\/schema.org","@graph":[{"@type":"WebPage","@id":"https:\/\/thisisbellezza.site\/de\/","url":"https:\/\/thisisbellezza.site\/de\/","name":"Apartment Gardasee Sirmione | Villa Canneto Ferienwohnungen","isPartOf":{"@id":"https:\/\/villa-canneto.it\/#website"},"datePublished":"2022-01-20T14:57:30+00:00","dateModified":"2026-03-20T13:04:48+00:00","description":"Apartment Gardasee Sirmione am See in der N\u00e4he des Schlosses mit Parkplatz, in einem Gebiet mit freiem Zugang f\u00fcr Autos","breadcrumb":{"@id":"https:\/\/thisisbellezza.site\/de\/#breadcrumb"},"inLanguage":"de","potentialAction":[{"@type":"ReadAction","target":["https:\/\/thisisbellezza.site\/de\/"]}]},{"@type":"BreadcrumbList","@id":"https:\/\/thisisbellezza.site\/de\/#breadcrumb","itemListElement":[{"@type":"ListItem","position":1,"name":"Home","item":"https:\/\/thisisbellezza.site\/de\/"},{"@type":"ListItem","position":2,"name":"Apartment Gardasee Sirmione"}]},{"@type":"WebSite","@id":"https:\/\/villa-canneto.it\/#website","url":"https:\/\/villa-canneto.it\/","name":"Villa Canneto","description":"Un nuovo sito targato WordPress","potentialAction":[{"@type":"SearchAction","target":{"@type":"EntryPoint","urlTemplate":"https:\/\/villa-canneto.it\/?s={search_term_string}"},"query-input":{"@type":"PropertyValueSpecification","valueRequired":true,"valueName":"search_term_string"}}],"inLanguage":"de"}]}},"_links":{"self":[{"href":"https:\/\/villa-canneto.it\/de\/wp-json\/wp\/v2\/pages\/551","targetHints":{"allow":["GET"]}}],"collection":[{"href":"https:\/\/villa-canneto.it\/de\/wp-json\/wp\/v2\/pages"}],"about":[{"href":"https:\/\/villa-canneto.it\/de\/wp-json\/wp\/v2\/types\/page"}],"author":[{"embeddable":true,"href":"https:\/\/villa-canneto.it\/de\/wp-json\/wp\/v2\/users\/2"}],"replies":[{"embeddable":true,"href":"https:\/\/villa-canneto.it\/de\/wp-json\/wp\/v2\/comments?post=551"}],"version-history":[{"count":0,"href":"https:\/\/villa-canneto.it\/de\/wp-json\/wp\/v2\/pages\/551\/revisions"}],"wp:attachment":[{"href":"https:\/\/villa-canneto.it\/de\/wp-json\/wp\/v2\/media?parent=551"}],"curies":[{"name":"wp","href":"https:\/\/api.w.org\/{rel}","templated":true}]}}