{"id":1077,"date":"2023-02-12T12:02:44","date_gmt":"2023-02-12T11:02:44","guid":{"rendered":"https:\/\/villa-canneto.it\/be-safe-rate-condizioni-di-assicurazione\/"},"modified":"2024-02-20T18:06:36","modified_gmt":"2024-02-20T17:06:36","slug":"be-safe-tarif-versicherungsbedingungen","status":"publish","type":"page","link":"https:\/\/villa-canneto.it\/de\/be-safe-tarif-versicherungsbedingungen\/","title":{"rendered":"BE SAFE RATE Versicherungsbedingungen"},"content":{"rendered":"<div class=\"wp-block-image\">\n<figure class=\"aligncenter size-full is-resized\"><img loading=\"lazy\" decoding=\"async\" width=\"208\" height=\"42\" src=\"https:\/\/villa-canneto.it\/wp-content\/uploads\/2024\/02\/logo-besaferate-colore-2.png\" alt=\"\" class=\"wp-image-1040\" style=\"width:208px;height:auto\"\/><\/figure>\n<\/div>\n\n\n<div style=\"height:50px\" aria-hidden=\"true\" class=\"wp-block-spacer\"><\/div>\n\n\n\n<h2 class=\"wp-block-heading has-text-align-center\">Ihr SICHERER Aufenthalt<\/h2>\n\n\n\n<div style=\"height:30px\" aria-hidden=\"true\" class=\"wp-block-spacer\"><\/div>\n\n\n\n<h3 class=\"wp-block-heading has-text-align-center\">W\u00e4hlen Sie Besafe Rate und<br>Wir schenken Ihnen die Versicherung!<\/h3>\n\n\n\n<div style=\"height:30px\" aria-hidden=\"true\" class=\"wp-block-spacer\"><\/div>\n\n\n\n<div class=\"wp-block-columns is-layout-flex wp-container-core-columns-is-layout-9d6595d7 wp-block-columns-is-layout-flex\">\n<div class=\"wp-block-column is-layout-flow wp-block-column-is-layout-flow\" style=\"flex-basis:10%\"><\/div>\n\n\n\n<div class=\"wp-block-column is-layout-flow wp-block-column-is-layout-flow\" style=\"flex-basis:35%\">\n<p class=\"has-text-align-center\"><strong>Sie m\u00f6chten Ihren Urlaub und den Ihrer Lieben sofort sichern, haben aber Angst, dass Sie aufgrund von Unannehmlichkeiten in letzter Minute das Geld f\u00fcr Ihren Aufenthalt verlieren?<br>M\u00f6chten Sie Versicherungsschutz f\u00fcr alle Probleme, die w\u00e4hrend Ihres Aufenthalts auftreten k\u00f6nnen?<\/strong><\/p>\n<\/div>\n\n\n\n<div class=\"wp-block-column is-layout-flow wp-block-column-is-layout-flow\" style=\"flex-basis:10%\"><\/div>\n\n\n\n<div class=\"wp-block-column is-layout-flow wp-block-column-is-layout-flow\" style=\"flex-basis:35%\">\n<p class=\"has-text-align-center\"><strong>Wenn Sie sich f\u00fcr Besafe Rate entscheiden, k\u00f6nnen Sie eine Unterst\u00fctzung in Anspruch nehmen, die Sie Schritt f\u00fcr Schritt begleitet, um Sie bei der L\u00f6sung eventueller Probleme zu unterst\u00fctzen.<\/strong><\/p>\n<\/div>\n\n\n\n<div class=\"wp-block-column is-layout-flow wp-block-column-is-layout-flow\" style=\"flex-basis:10%\"><\/div>\n<\/div>\n\n\n\n<div style=\"height:30px\" aria-hidden=\"true\" class=\"wp-block-spacer\"><\/div>\n\n\n<div class=\"wp-block-image\">\n<figure class=\"aligncenter size-full is-resized\"><img loading=\"lazy\" decoding=\"async\" width=\"208\" height=\"42\" src=\"https:\/\/villa-canneto.it\/wp-content\/uploads\/2024\/02\/logo-besaferate-colore-2.png\" alt=\"\" class=\"wp-image-1040\" style=\"width:208px;height:auto\"\/><\/figure>\n<\/div>\n\n\n<div style=\"height:30px\" aria-hidden=\"true\" class=\"wp-block-spacer\"><\/div>\n\n\n\n<h2 class=\"wp-block-heading has-text-align-center\">Was beinhaltet der Besafe-Tarif?<\/h2>\n\n\n\n<div style=\"height:30px\" aria-hidden=\"true\" class=\"wp-block-spacer\"><\/div>\n\n\n\n<h3 class=\"wp-block-heading has-text-align-center\"><strong>Die Buchung mit Besafe Rate beinhaltet eine Reiseversicherung ohne zus\u00e4tzliche Kosten, Gesundheitsf\u00fcrsorge, Reiser\u00fccktrittsversicherung aufgrund unerwarteter Ereignisse, Diebstahl und Rechtsbeistand:<\/strong><\/h3>\n\n\n\n<div style=\"height:30px\" aria-hidden=\"true\" class=\"wp-block-spacer\"><\/div>\n\n\n\n<div class=\"wp-block-columns is-layout-flex wp-container-core-columns-is-layout-9d6595d7 wp-block-columns-is-layout-flex\">\n<div class=\"wp-block-column is-layout-flow wp-block-column-is-layout-flow\"><div class=\"wp-block-image\">\n<figure class=\"aligncenter size-full\"><img loading=\"lazy\" decoding=\"async\" width=\"37\" height=\"32\" src=\"https:\/\/villa-canneto.it\/wp-content\/uploads\/2024\/02\/ion-social-euro.png\" alt=\"\" class=\"wp-image-1056\"\/><\/figure>\n<\/div>\n\n\n<div style=\"height:20px\" aria-hidden=\"true\" class=\"wp-block-spacer\"><\/div>\n\n\n\n<h4 class=\"wp-block-heading has-text-align-center\">ERSTATTUNG<\/h4>\n\n\n\n<p class=\"has-text-align-center\">bis zu 100 % des Aufenthalts im Falle einer Stornierung aufgrund unvorhergesehener Ereignisse<\/p>\n<\/div>\n\n\n\n<div class=\"wp-block-column is-layout-flow wp-block-column-is-layout-flow\"><div class=\"wp-block-image\">\n<figure class=\"aligncenter size-full\"><img loading=\"lazy\" decoding=\"async\" width=\"25\" height=\"41\" src=\"https:\/\/villa-canneto.it\/wp-content\/uploads\/2024\/02\/garanzia-di-un-rimborso-in-caso-di-furto-o-mancata-consegna-del-bagaglio.png\" alt=\"\" class=\"wp-image-1048\"\/><\/figure>\n<\/div>\n\n\n<div style=\"height:20px\" aria-hidden=\"true\" class=\"wp-block-spacer\"><\/div>\n\n\n\n<h4 class=\"wp-block-heading has-text-align-center\">GARANTIE<\/h4>\n\n\n\n<p class=\"has-text-align-center\">einer R\u00fcckerstattung bei Diebstahl oder Nichtzustellung des Gep\u00e4cks. Unterst\u00fctzung bei der R\u00fcckerstattung im Falle einer Stornierung<\/p>\n<\/div>\n\n\n\n<div class=\"wp-block-column is-layout-flow wp-block-column-is-layout-flow\"><div class=\"wp-block-image\">\n<figure class=\"aligncenter size-full\"><img loading=\"lazy\" decoding=\"async\" width=\"40\" height=\"40\" src=\"https:\/\/villa-canneto.it\/wp-content\/uploads\/2024\/02\/assistenza-per-il-rimborso-dovuto-in-caso-di-cancellazione-o-ritardo-oltre-le-3-ore-delle-compagnie-aeree.png\" alt=\"\" class=\"wp-image-1052\"\/><\/figure>\n<\/div>\n\n\n<div style=\"height:20px\" aria-hidden=\"true\" class=\"wp-block-spacer\"><\/div>\n\n\n\n<h4 class=\"wp-block-heading has-text-align-center\">HILFE<\/h4>\n\n\n\n<p class=\"has-text-align-center\">f\u00fcr die R\u00fcckerstattung im Falle einer Annullierung oder Versp\u00e4tung von mehr als 3 Stunden durch die Fluggesellschaften<\/p>\n<\/div>\n\n\n\n<div class=\"wp-block-column is-layout-flow wp-block-column-is-layout-flow\"><div class=\"wp-block-image\">\n<figure class=\"aligncenter size-full\"><img loading=\"lazy\" decoding=\"async\" width=\"37\" height=\"38\" src=\"https:\/\/villa-canneto.it\/wp-content\/uploads\/2024\/02\/anticipo-di-denaro-fino-a-250E-entro-24h-in-caso-di-furto-di-documenti.png\" alt=\"\" class=\"wp-image-1044\"\/><\/figure>\n<\/div>\n\n\n<div style=\"height:20px\" aria-hidden=\"true\" class=\"wp-block-spacer\"><\/div>\n\n\n\n<h4 class=\"wp-block-heading has-text-align-center\">VORAUSZAHLUNG<\/h4>\n\n\n\n<p class=\"has-text-align-center\">Bei Dokumentendiebstahl erhalten Sie innerhalb von 24 Stunden einen Geldbetrag von bis zu 250 \u20ac<\/p>\n<\/div>\n<\/div>\n\n\n\n<div style=\"height:20px\" aria-hidden=\"true\" class=\"wp-block-spacer\"><\/div>\n\n\n\n<div class=\"wp-block-columns is-layout-flex wp-container-core-columns-is-layout-9d6595d7 wp-block-columns-is-layout-flex\">\n<div class=\"wp-block-column is-layout-flow wp-block-column-is-layout-flow\"><div class=\"wp-block-image\">\n<figure class=\"aligncenter size-full\"><img loading=\"lazy\" decoding=\"async\" width=\"37\" height=\"32\" src=\"https:\/\/villa-canneto.it\/wp-content\/uploads\/2024\/02\/ion-social-euro.png\" alt=\"\" class=\"wp-image-1056\"\/><\/figure>\n<\/div>\n\n\n<div style=\"height:20px\" aria-hidden=\"true\" class=\"wp-block-spacer\"><\/div>\n\n\n\n<h4 class=\"wp-block-heading has-text-align-center\">ERSTATTUNG<\/h4>\n\n\n\n<p class=\"has-text-align-center\">der nicht in Anspruch genommenen Aufenthaltstage bei vorzeitiger Abreise, Krankheit oder Unfall w\u00e4hrend des Aufenthalts<\/p>\n<\/div>\n\n\n\n<div class=\"wp-block-column is-layout-flow wp-block-column-is-layout-flow\"><div class=\"wp-block-image\">\n<figure class=\"aligncenter size-full\"><img loading=\"lazy\" decoding=\"async\" width=\"42\" height=\"36\" src=\"https:\/\/villa-canneto.it\/wp-content\/uploads\/2024\/02\/assistenza-legale-gratuita-per-risarcimento-danni-durante-il-soggiorno.png\" alt=\"\" class=\"wp-image-1060\"\/><\/figure>\n<\/div>\n\n\n<div style=\"height:20px\" aria-hidden=\"true\" class=\"wp-block-spacer\"><\/div>\n\n\n\n<h4 class=\"wp-block-heading has-text-align-center\">RECHTSBERATUNG<\/h4>\n\n\n\n<p class=\"has-text-align-center\">kostenlos f\u00fcr Schadensersatz w\u00e4hrend des Aufenthalts<\/p>\n<\/div>\n\n\n\n<div class=\"wp-block-column is-layout-flow wp-block-column-is-layout-flow\"><div class=\"wp-block-image\">\n<figure class=\"aligncenter size-full is-resized\"><img loading=\"lazy\" decoding=\"async\" width=\"38\" height=\"32\" src=\"https:\/\/villa-canneto.it\/wp-content\/uploads\/2024\/02\/copertura-spese-di-alloggio-in-caso-di-permanenza-forzata-nella-citta-del-soggiorno.png\" alt=\"\" class=\"wp-image-1064\" style=\"width:38px;height:auto\"\/><\/figure>\n<\/div>\n\n\n<div style=\"height:20px\" aria-hidden=\"true\" class=\"wp-block-spacer\"><\/div>\n\n\n\n<h4 class=\"wp-block-heading has-text-align-center\">HILFE<\/h4>\n\n\n\n<p class=\"has-text-align-center\">Stra\u00dfe vor Ort<\/p>\n<\/div>\n\n\n\n<div class=\"wp-block-column is-layout-flow wp-block-column-is-layout-flow\"><div class=\"wp-block-image\">\n<figure class=\"aligncenter size-full\"><img loading=\"lazy\" decoding=\"async\" width=\"35\" height=\"36\" src=\"https:\/\/villa-canneto.it\/wp-content\/uploads\/2024\/02\/copertura-spese-mediche-e-medicinali-in-caso-di-infortuni-o-malattia-durante-il-soggiorno.png\" alt=\"\" class=\"wp-image-1068\"\/><\/figure>\n<\/div>\n\n\n<div style=\"height:20px\" aria-hidden=\"true\" class=\"wp-block-spacer\"><\/div>\n\n\n\n<h4 class=\"wp-block-heading has-text-align-center\">ABDECKUNG<\/h4>\n\n\n\n<p class=\"has-text-align-center\">\u00dcbernahme der Arzt- und Heilkosten im Falle von Unf\u00e4llen oder Krankheiten w\u00e4hrend Ihres Aufenthalts<\/p>\n<\/div>\n<\/div>\n\n\n\n<div style=\"height:50px\" aria-hidden=\"true\" class=\"wp-block-spacer\"><\/div>\n\n\n\n<p class=\"has-text-align-center\"><em>Vor der Buchung m\u00fcssen alle Teilnehmer die Versicherungsbedingungen lesen&nbsp;<a href=\"https:\/\/www.travel.besafesuite.com\/insurances\/besafe-plus\" target=\"_blank\" rel=\"noreferrer noopener\"><strong><em><\/em><\/strong><\/a><strong><em><a href=\"https:\/\/www.travel.besafesuite.com\/insurances\/besafe-plus\" target=\"_blank\" rel=\"noreferrer noopener\"><strong><mark style=\"background-color:rgba(0, 0, 0, 0)\" class=\"has-inline-color has-luminous-vivid-amber-color\">Coverage-Datei<\/mark><\/strong><\/a><\/em><\/strong><\/em><\/p>\n","protected":false},"excerpt":{"rendered":"<p>Ihr SICHERER Aufenthalt W\u00e4hlen Sie Besafe Rate undWir schenken Ihnen die Versicherung! [&hellip;]<\/p>\n","protected":false},"author":1,"featured_media":0,"parent":0,"menu_order":0,"comment_status":"closed","ping_status":"closed","template":"template-be-safe.php","meta":{"_acf_changed":false,"footnotes":""},"class_list":["post-1077","page","type-page","status-publish","hentry"],"acf":[],"yoast_head":"<!-- This site is optimized with the Yoast SEO plugin v27.3 - https:\/\/yoast.com\/product\/yoast-seo-wordpress\/ -->\n<title>BE SAFE RATE Versicherungsbedingungen - Villa Canneto<\/title>\n<meta name=\"description\" content=\"Die Buchung mit Besafe Rate beinhaltet eine Reiseversicherung ohne zus\u00e4tzliche Kosten, Gesundheitsf\u00fcrsorge, Reiser\u00fccktrittsversicherung aufgrund unerwarteter Ereignisse, Diebstahl und Rechtsbeistand\" \/>\n<meta name=\"robots\" content=\"index, follow, max-snippet:-1, max-image-preview:large, max-video-preview:-1\" \/>\n<link rel=\"canonical\" href=\"https:\/\/villa-canneto.it\/de\/be-safe-tarif-versicherungsbedingungen\/\" \/>\n<meta property=\"og:locale\" content=\"de_DE\" \/>\n<meta property=\"og:type\" content=\"article\" \/>\n<meta property=\"og:title\" content=\"BE SAFE RATE Versicherungsbedingungen - Villa Canneto\" \/>\n<meta property=\"og:description\" content=\"Die Buchung mit Besafe Rate beinhaltet eine Reiseversicherung ohne zus\u00e4tzliche Kosten, Gesundheitsf\u00fcrsorge, Reiser\u00fccktrittsversicherung aufgrund unerwarteter Ereignisse, Diebstahl und Rechtsbeistand\" \/>\n<meta property=\"og:url\" content=\"https:\/\/villa-canneto.it\/de\/be-safe-tarif-versicherungsbedingungen\/\" \/>\n<meta property=\"og:site_name\" content=\"Villa Canneto\" \/>\n<meta property=\"article:modified_time\" content=\"2024-02-20T17:06:36+00:00\" \/>\n<meta property=\"og:image\" content=\"https:\/\/villa-canneto.it\/wp-content\/uploads\/2024\/02\/logo-besaferate-colore-2.png\" \/>\n<meta name=\"twitter:card\" content=\"summary_large_image\" \/>\n<meta name=\"twitter:label1\" content=\"Gesch\u00e4tzte Lesezeit\" \/>\n\t<meta name=\"twitter:data1\" content=\"4\u00a0Minuten\" \/>\n<script type=\"application\/ld+json\" class=\"yoast-schema-graph\">{\"@context\":\"https:\\\/\\\/schema.org\",\"@graph\":[{\"@type\":\"WebPage\",\"@id\":\"https:\\\/\\\/villa-canneto.it\\\/de\\\/be-safe-tarif-versicherungsbedingungen\\\/\",\"url\":\"https:\\\/\\\/villa-canneto.it\\\/de\\\/be-safe-tarif-versicherungsbedingungen\\\/\",\"name\":\"BE SAFE RATE Versicherungsbedingungen - Villa Canneto\",\"isPartOf\":{\"@id\":\"https:\\\/\\\/villa-canneto.it\\\/#website\"},\"primaryImageOfPage\":{\"@id\":\"https:\\\/\\\/villa-canneto.it\\\/de\\\/be-safe-tarif-versicherungsbedingungen\\\/#primaryimage\"},\"image\":{\"@id\":\"https:\\\/\\\/villa-canneto.it\\\/de\\\/be-safe-tarif-versicherungsbedingungen\\\/#primaryimage\"},\"thumbnailUrl\":\"https:\\\/\\\/villa-canneto.it\\\/wp-content\\\/uploads\\\/2024\\\/02\\\/logo-besaferate-colore-2.png\",\"datePublished\":\"2023-02-12T11:02:44+00:00\",\"dateModified\":\"2024-02-20T17:06:36+00:00\",\"description\":\"Die Buchung mit Besafe Rate beinhaltet eine Reiseversicherung ohne zus\u00e4tzliche Kosten, Gesundheitsf\u00fcrsorge, Reiser\u00fccktrittsversicherung aufgrund unerwarteter Ereignisse, Diebstahl und Rechtsbeistand\",\"breadcrumb\":{\"@id\":\"https:\\\/\\\/villa-canneto.it\\\/de\\\/be-safe-tarif-versicherungsbedingungen\\\/#breadcrumb\"},\"inLanguage\":\"de\",\"potentialAction\":[{\"@type\":\"ReadAction\",\"target\":[\"https:\\\/\\\/villa-canneto.it\\\/de\\\/be-safe-tarif-versicherungsbedingungen\\\/\"]}]},{\"@type\":\"ImageObject\",\"inLanguage\":\"de\",\"@id\":\"https:\\\/\\\/villa-canneto.it\\\/de\\\/be-safe-tarif-versicherungsbedingungen\\\/#primaryimage\",\"url\":\"https:\\\/\\\/villa-canneto.it\\\/wp-content\\\/uploads\\\/2024\\\/02\\\/logo-besaferate-colore-2.png\",\"contentUrl\":\"https:\\\/\\\/villa-canneto.it\\\/wp-content\\\/uploads\\\/2024\\\/02\\\/logo-besaferate-colore-2.png\"},{\"@type\":\"BreadcrumbList\",\"@id\":\"https:\\\/\\\/villa-canneto.it\\\/de\\\/be-safe-tarif-versicherungsbedingungen\\\/#breadcrumb\",\"itemListElement\":[{\"@type\":\"ListItem\",\"position\":1,\"name\":\"Home\",\"item\":\"https:\\\/\\\/thisisbellezza.site\\\/de\\\/\"},{\"@type\":\"ListItem\",\"position\":2,\"name\":\"BE SAFE RATE Versicherungsbedingungen\"}]},{\"@type\":\"WebSite\",\"@id\":\"https:\\\/\\\/villa-canneto.it\\\/#website\",\"url\":\"https:\\\/\\\/villa-canneto.it\\\/\",\"name\":\"Villa Canneto\",\"description\":\"Un nuovo sito targato WordPress\",\"potentialAction\":[{\"@type\":\"SearchAction\",\"target\":{\"@type\":\"EntryPoint\",\"urlTemplate\":\"https:\\\/\\\/villa-canneto.it\\\/?s={search_term_string}\"},\"query-input\":{\"@type\":\"PropertyValueSpecification\",\"valueRequired\":true,\"valueName\":\"search_term_string\"}}],\"inLanguage\":\"de\"}]}<\/script>\n<!-- \/ Yoast SEO plugin. -->","yoast_head_json":{"title":"BE SAFE RATE Versicherungsbedingungen - Villa Canneto","description":"Die Buchung mit Besafe Rate beinhaltet eine Reiseversicherung ohne zus\u00e4tzliche Kosten, Gesundheitsf\u00fcrsorge, Reiser\u00fccktrittsversicherung aufgrund unerwarteter Ereignisse, Diebstahl und Rechtsbeistand","robots":{"index":"index","follow":"follow","max-snippet":"max-snippet:-1","max-image-preview":"max-image-preview:large","max-video-preview":"max-video-preview:-1"},"canonical":"https:\/\/villa-canneto.it\/de\/be-safe-tarif-versicherungsbedingungen\/","og_locale":"de_DE","og_type":"article","og_title":"BE SAFE RATE Versicherungsbedingungen - Villa Canneto","og_description":"Die Buchung mit Besafe Rate beinhaltet eine Reiseversicherung ohne zus\u00e4tzliche Kosten, Gesundheitsf\u00fcrsorge, Reiser\u00fccktrittsversicherung aufgrund unerwarteter Ereignisse, Diebstahl und Rechtsbeistand","og_url":"https:\/\/villa-canneto.it\/de\/be-safe-tarif-versicherungsbedingungen\/","og_site_name":"Villa Canneto","article_modified_time":"2024-02-20T17:06:36+00:00","og_image":[{"url":"https:\/\/villa-canneto.it\/wp-content\/uploads\/2024\/02\/logo-besaferate-colore-2.png","type":"","width":"","height":""}],"twitter_card":"summary_large_image","twitter_misc":{"Gesch\u00e4tzte Lesezeit":"4\u00a0Minuten"},"schema":{"@context":"https:\/\/schema.org","@graph":[{"@type":"WebPage","@id":"https:\/\/villa-canneto.it\/de\/be-safe-tarif-versicherungsbedingungen\/","url":"https:\/\/villa-canneto.it\/de\/be-safe-tarif-versicherungsbedingungen\/","name":"BE SAFE RATE Versicherungsbedingungen - Villa Canneto","isPartOf":{"@id":"https:\/\/villa-canneto.it\/#website"},"primaryImageOfPage":{"@id":"https:\/\/villa-canneto.it\/de\/be-safe-tarif-versicherungsbedingungen\/#primaryimage"},"image":{"@id":"https:\/\/villa-canneto.it\/de\/be-safe-tarif-versicherungsbedingungen\/#primaryimage"},"thumbnailUrl":"https:\/\/villa-canneto.it\/wp-content\/uploads\/2024\/02\/logo-besaferate-colore-2.png","datePublished":"2023-02-12T11:02:44+00:00","dateModified":"2024-02-20T17:06:36+00:00","description":"Die Buchung mit Besafe Rate beinhaltet eine Reiseversicherung ohne zus\u00e4tzliche Kosten, Gesundheitsf\u00fcrsorge, Reiser\u00fccktrittsversicherung aufgrund unerwarteter Ereignisse, Diebstahl und Rechtsbeistand","breadcrumb":{"@id":"https:\/\/villa-canneto.it\/de\/be-safe-tarif-versicherungsbedingungen\/#breadcrumb"},"inLanguage":"de","potentialAction":[{"@type":"ReadAction","target":["https:\/\/villa-canneto.it\/de\/be-safe-tarif-versicherungsbedingungen\/"]}]},{"@type":"ImageObject","inLanguage":"de","@id":"https:\/\/villa-canneto.it\/de\/be-safe-tarif-versicherungsbedingungen\/#primaryimage","url":"https:\/\/villa-canneto.it\/wp-content\/uploads\/2024\/02\/logo-besaferate-colore-2.png","contentUrl":"https:\/\/villa-canneto.it\/wp-content\/uploads\/2024\/02\/logo-besaferate-colore-2.png"},{"@type":"BreadcrumbList","@id":"https:\/\/villa-canneto.it\/de\/be-safe-tarif-versicherungsbedingungen\/#breadcrumb","itemListElement":[{"@type":"ListItem","position":1,"name":"Home","item":"https:\/\/thisisbellezza.site\/de\/"},{"@type":"ListItem","position":2,"name":"BE SAFE RATE Versicherungsbedingungen"}]},{"@type":"WebSite","@id":"https:\/\/villa-canneto.it\/#website","url":"https:\/\/villa-canneto.it\/","name":"Villa Canneto","description":"Un nuovo sito targato WordPress","potentialAction":[{"@type":"SearchAction","target":{"@type":"EntryPoint","urlTemplate":"https:\/\/villa-canneto.it\/?s={search_term_string}"},"query-input":{"@type":"PropertyValueSpecification","valueRequired":true,"valueName":"search_term_string"}}],"inLanguage":"de"}]}},"_links":{"self":[{"href":"https:\/\/villa-canneto.it\/de\/wp-json\/wp\/v2\/pages\/1077","targetHints":{"allow":["GET"]}}],"collection":[{"href":"https:\/\/villa-canneto.it\/de\/wp-json\/wp\/v2\/pages"}],"about":[{"href":"https:\/\/villa-canneto.it\/de\/wp-json\/wp\/v2\/types\/page"}],"author":[{"embeddable":true,"href":"https:\/\/villa-canneto.it\/de\/wp-json\/wp\/v2\/users\/1"}],"replies":[{"embeddable":true,"href":"https:\/\/villa-canneto.it\/de\/wp-json\/wp\/v2\/comments?post=1077"}],"version-history":[{"count":0,"href":"https:\/\/villa-canneto.it\/de\/wp-json\/wp\/v2\/pages\/1077\/revisions"}],"wp:attachment":[{"href":"https:\/\/villa-canneto.it\/de\/wp-json\/wp\/v2\/media?parent=1077"}],"curies":[{"name":"wp","href":"https:\/\/api.w.org\/{rel}","templated":true}]}}